{"id":1201,"date":"2023-03-11T09:26:27","date_gmt":"2023-03-11T09:26:27","guid":{"rendered":"http:\/\/concordia.fuzewebsites.com\/?page_id=1201"},"modified":"2023-06-13T11:24:08","modified_gmt":"2023-06-13T11:24:08","slug":"presentation-de-concordia","status":"publish","type":"page","link":"https:\/\/www.isc.edu.eg\/concordia\/presentation-de-concordia\/","title":{"rendered":"Pr\u00e9sentation de Concordia"},"content":{"rendered":"<section class=\"wpb-content-wrapper\"><div class=\"vc_row wpb_row vc_row-fluid  dark_txt svg_none svg_bottom_none  svg_bottom\"   >\n                  \n\t\t\t\t       \n\t\t\t\t<div class=\"mo-vc-row-ovelay\" style=\"\"><\/div>\n\t\t\t<div class=\"container main-container\"><div class=\"wpb_column vc_column_container vc_col-sm-12 mo-column-69d8d70b10793\"><div class=\"vc_column-inner\"><div class=\"wpb_wrapper \"  ><div class=\"wpb_wrapper-inner\">       \n      <div class=\"mo-title-box title-box-style2  text-center\"  ><h3>Pr\u00e9sentation de CONCORDIA<\/h3> <\/div>\n    \n\t<div class=\"wpb_text_column wpb_content_element  vc_custom_1678527505257\" >\n\t\t<div class=\"wpb_wrapper\">\n\t\t\t<div style=\"width: 640px;\" class=\"wp-video\"><video class=\"wp-video-shortcode\" id=\"video-1201-1\" width=\"640\" height=\"360\" preload=\"metadata\" controls=\"controls\"><source type=\"video\/mp4\" src=\"http:\/\/isc.edu.eg\/concordia\/wp-content\/uploads\/2023\/03\/file.mp4?_=1\" \/><a href=\"http:\/\/isc.edu.eg\/concordia\/wp-content\/uploads\/2023\/03\/file.mp4\">http:\/\/isc.edu.eg\/concordia\/wp-content\/uploads\/2023\/03\/file.mp4<\/a><\/video><\/div>\n\n\t\t<\/div>\n\t<\/div>\n<\/div><\/div><\/div><\/div><\/div><\/div><div class=\"vc_row wpb_row vc_row-fluid  dark_txt svg_none svg_bottom_none  svg_bottom\"   >\n                  \n\t\t\t\t       \n\t\t\t\t<div class=\"mo-vc-row-ovelay\" style=\"\"><\/div>\n\t\t\t<div class=\"container main-container\"><div class=\"wpb_column vc_column_container vc_col-sm-12 mo-column-69d8d70b10e60\"><div class=\"vc_column-inner\"><div class=\"wpb_wrapper \"  ><div class=\"wpb_wrapper-inner\">\n\t<div class=\"wpb_text_column wpb_content_element \" >\n\t\t<div class=\"wpb_wrapper\">\n\t\t\t<p class=\"font_8\" style=\"text-align: left;\">Lyc\u00e9e International Fran\u00e7ais d\u2019Egypte , Lyc\u00e9e Concordia<\/p>\n<p class=\"font_8\" style=\"text-align: left;\">Lyc\u00e9e Homologu\u00e9 par le Minist\u00e8re de l\u2019Education Nationale Fran\u00e7ais ( r\u00e9seau AEFE)<\/p>\n<p>En cette rentr\u00e9e 2022, nous avons le plaisir d\u2019accueillir nos \u00e9l\u00e8ves au sein de l\u2019\u00e9tablissement .<\/p>\n<p>Ces\u00a0 deux derni\u00e8res ann\u00e9es ont \u00e9t\u00e9 difficiles mais nous ont permis de progresser tr\u00e8s rapidement dans notre capacit\u00e9 \u00e0 nous adapter. C\u2019est d\u00e9sormais une des valeurs que nous cultivons, un lyc\u00e9e apprenant en adaptation permanente.<\/p>\n<p>En termes acad\u00e9miques, nous continuons \u00e0 consolider la mise en place de la r\u00e9forme du lyc\u00e9e, l\u2019\u00e9valuation par comp\u00e9tences , la ma\u00eetrise du fran\u00e7ais, le plurilinguisme et un suivi individuel des \u00e9l\u00e8ves . Les r\u00e9sultats aux examens et les poursuites d\u2019\u00e9tudes post-bac dans le monde entier sont un de nos crit\u00e8res de r\u00e9ussite.<\/p>\n<p>L.I.F.E, le lyc\u00e9e Concordia est un lyc\u00e9e\u00a0 international fran\u00e7ais pour des \u00e9l\u00e8ves \u00e9gyptiens. Nous allons continuer, voir renforcer, cette double mission \u00e0 la fran\u00e7aise tout en prenant en compte les sp\u00e9cificit\u00e9s de l\u2019enseignement \u00e0 des \u00e9gyptiens .<\/p>\n<p class=\"font_8\" style=\"text-align: right;\">Le Proviseur<\/p>\n<p class=\"font_8\" style=\"text-align: right;\">Jamil Maleyran<\/p>\n\n\t\t<\/div>\n\t<\/div>\n<\/div><\/div><\/div><\/div><\/div><\/div>\n<\/section>","protected":false},"excerpt":{"rendered":"Pr\u00e9sentation de CONCORDIA Lyc\u00e9e International Fran\u00e7ais d\u2019Egypte , Lyc\u00e9e Concordia Lyc\u00e9e Homologu\u00e9 par le Minist\u00e8re de l\u2019Education Nationale Fran\u00e7ais ( r\u00e9seau AEFE) En cette rentr\u00e9e 2022, nous avons le plaisir d\u2019accueillir nos \u00e9l\u00e8ves au sein de l\u2019\u00e9tablissement . Ces\u00a0 deux derni\u00e8res ann\u00e9es ont \u00e9t\u00e9 difficiles mais nous ont permis de progresser tr\u00e8s rapidement dans notre [...]","protected":false},"author":1,"featured_media":0,"parent":0,"menu_order":0,"comment_status":"closed","ping_status":"closed","template":"","meta":{"ngg_post_thumbnail":0,"_mc_calendar":[],"footnotes":""},"class_list":["post-1201","page","type-page","status-publish","hentry"],"_links":{"self":[{"href":"https:\/\/www.isc.edu.eg\/concordia\/wp-json\/wp\/v2\/pages\/1201","targetHints":{"allow":["GET"]}}],"collection":[{"href":"https:\/\/www.isc.edu.eg\/concordia\/wp-json\/wp\/v2\/pages"}],"about":[{"href":"https:\/\/www.isc.edu.eg\/concordia\/wp-json\/wp\/v2\/types\/page"}],"author":[{"embeddable":true,"href":"https:\/\/www.isc.edu.eg\/concordia\/wp-json\/wp\/v2\/users\/1"}],"replies":[{"embeddable":true,"href":"https:\/\/www.isc.edu.eg\/concordia\/wp-json\/wp\/v2\/comments?post=1201"}],"version-history":[{"count":9,"href":"https:\/\/www.isc.edu.eg\/concordia\/wp-json\/wp\/v2\/pages\/1201\/revisions"}],"predecessor-version":[{"id":1429,"href":"https:\/\/www.isc.edu.eg\/concordia\/wp-json\/wp\/v2\/pages\/1201\/revisions\/1429"}],"wp:attachment":[{"href":"https:\/\/www.isc.edu.eg\/concordia\/wp-json\/wp\/v2\/media?parent=1201"}],"curies":[{"name":"wp","href":"https:\/\/api.w.org\/{rel}","templated":true}]}}