{"id":1225,"date":"2023-03-11T09:43:48","date_gmt":"2023-03-11T09:43:48","guid":{"rendered":"http:\/\/concordia.fuzewebsites.com\/?page_id=1225"},"modified":"2023-03-11T09:49:21","modified_gmt":"2023-03-11T09:49:21","slug":"nos-reseaux-sociaux","status":"publish","type":"page","link":"https:\/\/www.isc.edu.eg\/concordia\/nos-reseaux-sociaux\/","title":{"rendered":"Nos R\u00e9seaux Sociaux"},"content":{"rendered":"<section class=\"wpb-content-wrapper\"><div class=\"vc_row wpb_row vc_row-fluid  dark_txt svg_none svg_bottom_none  svg_bottom\"   >\n                  \n\t\t\t\t       \n\t\t\t\t<div class=\"mo-vc-row-ovelay\" style=\"\"><\/div>\n\t\t\t<div class=\"container main-container\"><div class=\"wpb_column vc_column_container vc_col-sm-12 mo-column-69d88eb3922b8\"><div class=\"vc_column-inner\"><div class=\"wpb_wrapper \"  ><div class=\"wpb_wrapper-inner\"><h2 style=\"text-align: center;font-family:Abril Fatface;font-weight:400;font-style:normal\" class=\"vc_custom_heading\">Nos R\u00e9seaux Sociaux<\/h2>\n\t<div class=\"wpb_text_column wpb_content_element \" >\n\t\t<div class=\"wpb_wrapper\">\n\t\t\t<p style=\"text-align: center;\">A travers cette page, vous pouvez acc\u00e9der \u00e0 nos diff\u00e9rents r\u00e9seaux sociaux<\/p>\n\n\t\t<\/div>\n\t<\/div>\n\t<div id=\"social-icon-69d88eb392793-8737\" class=\"social-icons colors primary-hr center \">\n\t\t<div class=\"social-icon-container\">\n\t\t\t\t\t\t\t\t<a href=\"https:\/\/www.instagram.com\/lycee.concordia\/?hl=fr\" class=\"instagram\" target=\"_blank\"><i class=\"fa fa-instagram \"><\/i><\/a>\n\t\t\t\t\t\t\t\t\t<a href=\"https:\/\/www.youtube.com\/channel\/UC98pRtzOSHyE3Y6-FVmS7Ww\" class=\"youtube\" target=\"_blank\"><i class=\"fa fa-youtube \"><\/i><\/a>\n\t\t\t\t\t\t\t\t\t<a href=\"https:\/\/www.facebook.com\/groups\/life.concordia.primaire\" class=\"facebook\" target=\"_blank\"><i class=\"fa fa-facebook \"><\/i><\/a>\n\t\t\t\t\t   <\/div>\n\t<\/div>\n \t<div class=\"clearfix\"><\/div>\n<\/div><\/div><\/div><\/div><\/div><\/div>\n<\/section>","protected":false},"excerpt":{"rendered":"Nos R\u00e9seaux Sociaux A travers cette page, vous pouvez acc\u00e9der \u00e0 nos diff\u00e9rents r\u00e9seaux sociaux","protected":false},"author":1,"featured_media":0,"parent":0,"menu_order":0,"comment_status":"closed","ping_status":"closed","template":"","meta":{"ngg_post_thumbnail":0,"_mc_calendar":[],"footnotes":""},"class_list":["post-1225","page","type-page","status-publish","hentry"],"_links":{"self":[{"href":"https:\/\/www.isc.edu.eg\/concordia\/wp-json\/wp\/v2\/pages\/1225","targetHints":{"allow":["GET"]}}],"collection":[{"href":"https:\/\/www.isc.edu.eg\/concordia\/wp-json\/wp\/v2\/pages"}],"about":[{"href":"https:\/\/www.isc.edu.eg\/concordia\/wp-json\/wp\/v2\/types\/page"}],"author":[{"embeddable":true,"href":"https:\/\/www.isc.edu.eg\/concordia\/wp-json\/wp\/v2\/users\/1"}],"replies":[{"embeddable":true,"href":"https:\/\/www.isc.edu.eg\/concordia\/wp-json\/wp\/v2\/comments?post=1225"}],"version-history":[{"count":6,"href":"https:\/\/www.isc.edu.eg\/concordia\/wp-json\/wp\/v2\/pages\/1225\/revisions"}],"predecessor-version":[{"id":1232,"href":"https:\/\/www.isc.edu.eg\/concordia\/wp-json\/wp\/v2\/pages\/1225\/revisions\/1232"}],"wp:attachment":[{"href":"https:\/\/www.isc.edu.eg\/concordia\/wp-json\/wp\/v2\/media?parent=1225"}],"curies":[{"name":"wp","href":"https:\/\/api.w.org\/{rel}","templated":true}]}}