{"id":1245,"date":"2023-03-11T09:56:54","date_gmt":"2023-03-11T09:56:54","guid":{"rendered":"http:\/\/concordia.fuzewebsites.com\/?page_id=1245"},"modified":"2023-03-11T10:05:04","modified_gmt":"2023-03-11T10:05:04","slug":"diplomes-et-certificats","status":"publish","type":"page","link":"https:\/\/www.isc.edu.eg\/concordia\/diplomes-et-certificats\/","title":{"rendered":"Dipl\u00f4mes et certificats"},"content":{"rendered":"<section class=\"wpb-content-wrapper\"><div class=\"vc_row wpb_row vc_row-fluid  dark_txt svg_none svg_bottom_none  svg_bottom\"   >\n                  \n\t\t\t\t       \n\t\t\t\t<div class=\"mo-vc-row-ovelay\" style=\"\"><\/div>\n\t\t\t<div class=\"container main-container\"><div class=\"wpb_column vc_column_container vc_col-sm-12 mo-column-69d836bd82891\"><div class=\"vc_column-inner\"><div class=\"wpb_wrapper \"  ><div class=\"wpb_wrapper-inner\"><h2 style=\"text-align: center;font-family:Abril Fatface;font-weight:400;font-style:normal\" class=\"vc_custom_heading\">Dipl\u00f4mes &amp; Certificats<\/h2><\/div><\/div><\/div><\/div><\/div><\/div><div class=\"vc_row wpb_row vc_row-fluid  dark_txt svg_none svg_bottom_none  svg_bottom\"   >\n                  \n\t\t\t\t       \n\t\t\t\t<div class=\"mo-vc-row-ovelay\" style=\"\"><\/div>\n\t\t\t<div class=\"container main-container\"><div class=\"wpb_column vc_column_container vc_col-sm-6 mo-column-69d836bd851e4\"><div class=\"vc_column-inner\"><div class=\"wpb_wrapper \"  ><div class=\"wpb_wrapper-inner\">\n\t<div  class=\"wpb_single_image wpb_content_element vc_align_right\">\n\t\t\n\t\t<figure class=\"wpb_wrapper vc_figure\">\n\t\t\t<div class=\"vc_single_image-wrapper   vc_box_border_grey\"><img loading=\"lazy\" decoding=\"async\" width=\"439\" height=\"287\" src=\"https:\/\/www.isc.edu.eg\/concordia\/wp-content\/uploads\/2023\/03\/1N7A0426_JPG.webp\" class=\"vc_single_image-img attachment-large\" alt=\"\" title=\"\" srcset=\"https:\/\/www.isc.edu.eg\/concordia\/wp-content\/uploads\/2023\/03\/1N7A0426_JPG.webp 439w, https:\/\/www.isc.edu.eg\/concordia\/wp-content\/uploads\/2023\/03\/1N7A0426_JPG-300x196.webp 300w\" sizes=\"auto, (max-width: 439px) 100vw, 439px\" \/><\/div>\n\t\t<\/figure>\n\t<\/div>\n<\/div><\/div><\/div><\/div><div class=\"wpb_column vc_column_container vc_col-sm-6 mo-column-69d836bd85e02\"><div class=\"vc_column-inner\"><div class=\"wpb_wrapper \"  ><div class=\"wpb_wrapper-inner\">\n\t<div  class=\"wpb_single_image wpb_content_element vc_align_left\">\n\t\t\n\t\t<figure class=\"wpb_wrapper vc_figure\">\n\t\t\t<div class=\"vc_single_image-wrapper   vc_box_border_grey\"><img loading=\"lazy\" decoding=\"async\" width=\"439\" height=\"287\" src=\"https:\/\/www.isc.edu.eg\/concordia\/wp-content\/uploads\/2023\/03\/1N7A0208_JPG.webp\" class=\"vc_single_image-img attachment-large\" alt=\"\" title=\"\" srcset=\"https:\/\/www.isc.edu.eg\/concordia\/wp-content\/uploads\/2023\/03\/1N7A0208_JPG.webp 439w, https:\/\/www.isc.edu.eg\/concordia\/wp-content\/uploads\/2023\/03\/1N7A0208_JPG-300x196.webp 300w\" sizes=\"auto, (max-width: 439px) 100vw, 439px\" \/><\/div>\n\t\t<\/figure>\n\t<\/div>\n<\/div><\/div><\/div><\/div><\/div><\/div><div class=\"vc_row wpb_row vc_row-fluid  dark_txt svg_none svg_bottom_none  svg_bottom\"   >\n                  \n\t\t\t\t       \n\t\t\t\t<div class=\"mo-vc-row-ovelay\" style=\"\"><\/div>\n\t\t\t<div class=\"container main-container\"><div class=\"wpb_column vc_column_container vc_col-sm-12 mo-column-69d836bd86a6c\"><div class=\"vc_column-inner\"><div class=\"wpb_wrapper \"  ><div class=\"wpb_wrapper-inner\">\n\t<div class=\"wpb_text_column wpb_content_element \" >\n\t\t<div class=\"wpb_wrapper\">\n\t\t\t<p class=\"font_8\">Notre \u00e9tablissement, homologu\u00e9, rattach\u00e9 \u00e0 l\u2019Acad\u00e9mie de Grenoble, pr\u00e9pare les \u00e9l\u00e8ves \u00e0 l\u2019obtention de 2 dipl\u00f4mes :<\/p>\n<ol class=\"font_8\">\n<li>\n<p class=\"font_8\">Le Dipl\u00f4me National Fran\u00e7ais du BREVET (obtention en classe de 3e)<\/p>\n<\/li>\n<li>\n<p class=\"font_8\">Le Dipl\u00f4me National Fran\u00e7ais du Baccalaur\u00e9at G\u00e9n\u00e9ral (obtention en classe de Terminale)<\/p>\n<\/li>\n<\/ol>\n<p class=\"font_8\">A noter, dans le cadre de la r\u00e9forme du Baccalaur\u00e9at, notre \u00e9tablissement propose une offre \u00e9ducative vari\u00e9e englobant 6 enseignements de sp\u00e9cialit\u00e9s, 3 options et des clubs extra-scolaires (donnant la possibilit\u00e9 aux \u00e9l\u00e8ves de compl\u00e9ter leur profil et de consolider leur dossier pour postuler dans de prestigieuses universit\u00e9s).<\/p>\n<p class=\"font_8\">Enseignements de sp\u00e9cialit\u00e9s propos\u00e9s :<\/p>\n<ol class=\"font_8\">\n<li>\n<p class=\"font_8\">Math\u00e9matiques<\/p>\n<\/li>\n<li>\n<p class=\"font_8\">Sciences de la Vie et de la Terre<\/p>\n<\/li>\n<li>\n<p class=\"font_8\">Physique-Chimie<\/p>\n<\/li>\n<li>\n<p class=\"font_8\">Langues Litt\u00e9ratures et Cultures \u00e9trang\u00e8res et r\u00e9gionales \u2013 ANGLAIS<\/p>\n<\/li>\n<li>\n<p class=\"font_8\">Sciences \u00e9conomiques et sociales<\/p>\n<\/li>\n<li>\n<p class=\"font_8\">Histoire-G\u00e9ographie- G\u00e9opolitique et Science-Politique<\/p>\n<\/li>\n<\/ol>\n<p class=\"font_8\">Options :<\/p>\n<ol class=\"font_8\">\n<li>\n<p class=\"font_8\">Droits et grands enjeux contemporains<\/p>\n<\/li>\n<li>\n<p class=\"font_8\">Math\u00e9matiques experts<\/p>\n<\/li>\n<li>\n<p class=\"font_8\">Math\u00e9matiques compl\u00e9mentaires<\/p>\n<\/li>\n<\/ol>\n<p class=\"font_8\">CLUB :<\/p>\n<ol class=\"font_8\">\n<li>\n<p class=\"font_8\">MUN (participation MEDMUN- Science-Po Paris)<\/p>\n<\/li>\n<li>\n<p class=\"font_8\">STARTLAB (partenariat avec monitoring SORBONNE)<\/p>\n<\/li>\n<li>\n<p class=\"font_8\">Autres clubs tels que le Grec et langues anciennes<\/p>\n<\/li>\n<\/ol>\n<p class=\"font_8\">Ces deux dipl\u00f4mes directement attribu\u00e9s par le Minist\u00e8re de l\u2019Education National Fran\u00e7ais permettent \u00e0 nos \u00e9l\u00e8ves d\u2019acqu\u00e9rir les contenus p\u00e9dagogiques, les comp\u00e9tences et les capacit\u00e9s exig\u00e9s par le syst\u00e8me \u00e9ducatif fran\u00e7ais.<\/p>\n<p class=\"font_8\">Les \u00e9l\u00e8ves de Concordia sont accompagn\u00e9s avec un suivi individuel afin d\u2019obtenir ces dipl\u00f4mes dans les meilleures conditions et avec les meilleurs r\u00e9sultats.<\/p>\n<p class=\"font_8\">Choisir Concordia, c\u2019est choisir d\u2019ouvrir des opportunit\u00e9s aux g\u00e9n\u00e9rations de demain, dans le contexte d\u2019un monde en changement permanent.<\/p>\n<p class=\"font_8\">Obtenir des dipl\u00f4mes de qualit\u00e9, c\u2019est donner plus de chance de r\u00e9ussir \u00e0 nos \u00e9l\u00e8ves.<\/p>\n\n\t\t<\/div>\n\t<\/div>\n<\/div><\/div><\/div><\/div><\/div><\/div><div class=\"vc_row wpb_row vc_row-fluid  dark_txt svg_none svg_bottom_none  svg_bottom\"   >\n                  \n\t\t\t\t       \n\t\t\t\t<div class=\"mo-vc-row-ovelay\" style=\"\"><\/div>\n\t\t\t<div class=\"container main-container\"><div class=\"wpb_column vc_column_container vc_col-sm-12 mo-column-69d836bd86e69\"><div class=\"vc_column-inner\"><div class=\"wpb_wrapper \"  ><div class=\"wpb_wrapper-inner\"><h2 style=\"text-align: center;font-family:Abril Fatface;font-weight:400;font-style:normal\" class=\"vc_custom_heading\">Certification PIX<\/h2>\n\t<div  class=\"wpb_single_image wpb_content_element vc_align_center\">\n\t\t\n\t\t<figure class=\"wpb_wrapper vc_figure\">\n\t\t\t<div class=\"vc_single_image-wrapper   vc_box_border_grey\"><img loading=\"lazy\" decoding=\"async\" width=\"690\" height=\"380\" src=\"https:\/\/www.isc.edu.eg\/concordia\/wp-content\/uploads\/2023\/03\/pix-competences-numeriques.webp\" class=\"vc_single_image-img attachment-large\" alt=\"\" title=\"\" srcset=\"https:\/\/www.isc.edu.eg\/concordia\/wp-content\/uploads\/2023\/03\/pix-competences-numeriques.webp 690w, https:\/\/www.isc.edu.eg\/concordia\/wp-content\/uploads\/2023\/03\/pix-competences-numeriques-300x165.webp 300w\" sizes=\"auto, (max-width: 690px) 100vw, 690px\" \/><\/div>\n\t\t<\/figure>\n\t<\/div>\n\n\t<div class=\"wpb_text_column wpb_content_element \" >\n\t\t<div class=\"wpb_wrapper\">\n\t\t\t<p style=\"text-align: center;\"><strong>La certification Pix, c&#8217;est quoi ?<\/strong><\/p>\n<p>Apr\u00e8s avoir \u00e9valu\u00e9 et d\u00e9velopp\u00e9 vos comp\u00e9tences num\u00e9riques via votre profil Pix, la certification Pix vous permet de les valoriser officiellement. A travers une session de certification, Pix v\u00e9rifie la sinc\u00e9rit\u00e9 de votre profil et vous d\u00e9livre un certificat.<\/p>\n<p>&nbsp;<\/p>\n<p style=\"text-align: center;\"><strong>Quelle est sa reconnaissance ?<\/strong><\/p>\n<p>La certification Pix est reconnue officiellement par l\u2019Etat et le monde professionnel. Elle est inscrite au r\u00e9pertoire sp\u00e9cifique France Comp\u00e9tences (RS5875). Depuis le 1er Janvier 2022, France Comp\u00e9tences consid\u00e8re la certification Pix comme professionnalisant d\u00e8s lors qu&#8217;elle atteint un score de 120 pix, soit l&#8217;\u00e9quivalent de 5 comp\u00e9tences au niveau 3.<\/p>\n\n\t\t<\/div>\n\t<\/div>\n<\/div><\/div><\/div><\/div><\/div><\/div><div class=\"vc_row wpb_row vc_row-fluid  dark_txt svg_none svg_bottom_none  svg_bottom\"   >\n                  \n\t\t\t\t       \n\t\t\t\t<div class=\"mo-vc-row-ovelay\" style=\"\"><\/div>\n\t\t\t<div class=\"container main-container\"><div class=\"wpb_column vc_column_container vc_col-sm-6 mo-column-69d836bd876d3\"><div class=\"vc_column-inner\"><div class=\"wpb_wrapper \"  ><div class=\"wpb_wrapper-inner\">\n\t<div  class=\"wpb_single_image wpb_content_element vc_align_right\">\n\t\t\n\t\t<figure class=\"wpb_wrapper vc_figure\">\n\t\t\t<div class=\"vc_single_image-wrapper   vc_box_border_grey\"><img loading=\"lazy\" decoding=\"async\" width=\"462\" height=\"327\" src=\"https:\/\/www.isc.edu.eg\/concordia\/wp-content\/uploads\/2023\/03\/evalang_0.webp\" class=\"vc_single_image-img attachment-full\" alt=\"\" title=\"\" srcset=\"https:\/\/www.isc.edu.eg\/concordia\/wp-content\/uploads\/2023\/03\/evalang_0.webp 462w, https:\/\/www.isc.edu.eg\/concordia\/wp-content\/uploads\/2023\/03\/evalang_0-300x212.webp 300w\" sizes=\"auto, (max-width: 462px) 100vw, 462px\" \/><\/div>\n\t\t<\/figure>\n\t<\/div>\n<\/div><\/div><\/div><\/div><div class=\"wpb_column vc_column_container vc_col-sm-6 mo-column-69d836bd87eb8\"><div class=\"vc_column-inner\"><div class=\"wpb_wrapper \"  ><div class=\"wpb_wrapper-inner\">\n\t<div class=\"wpb_text_column wpb_content_element  vc_custom_1678528971564\" >\n\t\t<div class=\"wpb_wrapper\">\n\t\t\t<h2 class=\"font_2\" style=\"text-align: center;\"><span class=\"color_15\">TEST<br \/>\nEV@LANG<\/span><\/h2>\n\n\t\t<\/div>\n\t<\/div>\n<\/div><\/div><\/div><\/div><\/div><\/div><div class=\"vc_row wpb_row vc_row-fluid  dark_txt svg_none svg_bottom_none  svg_bottom\"   >\n                  \n\t\t\t\t       \n\t\t\t\t<div class=\"mo-vc-row-ovelay\" style=\"\"><\/div>\n\t\t\t<div class=\"container main-container\"><div class=\"wpb_column vc_column_container vc_col-sm-6 mo-column-69d836bd8812b\"><div class=\"vc_column-inner\"><div class=\"wpb_wrapper \"  ><div class=\"wpb_wrapper-inner\">\n\t<div class=\"wpb_text_column wpb_content_element \" >\n\t\t<div class=\"wpb_wrapper\">\n\t\t\t<div id=\"comp-laf5b9es\" class=\"KcpHeO tz5f0K comp-laf5b9es wixui-text\" data-testid=\"richTextElement\">\n<p class=\"font_2\"><span class=\"color_15\">Le minist\u00e8re de l&#8217;\u00c9ducation nationale, de la Jeunesse et des Sports met en \u0153uvre un plan d&#8217;action, dit Plan langues vivantes, dont l&#8217;objectif est une meilleure ma\u00eetrise des langues \u00e9trang\u00e8res par les \u00e9l\u00e8ves tout au long de leur parcours scolaire. Dans ce cadre un test de positionnement num\u00e9rique en anglais en classe de troisi\u00e8me, Ev@lang coll\u00e8ge, est cr\u00e9\u00e9 afin de permettre \u00e0 chaque \u00e9l\u00e8ve de se positionner en lien avec les attendus des programmes de langues vivantes du coll\u00e8ge.<\/span><\/p>\n<\/div>\n<div id=\"comp-laf59xz0\" class=\"KcpHeO tz5f0K comp-laf59xz0 wixui-text\" data-testid=\"richTextElement\"><\/div>\n\n\t\t<\/div>\n\t<\/div>\n<\/div><\/div><\/div><\/div><div class=\"wpb_column vc_column_container vc_col-sm-6 mo-column-69d836bd8827b\"><div class=\"vc_column-inner\"><div class=\"wpb_wrapper \"  ><div class=\"wpb_wrapper-inner\">\n\t<div  class=\"wpb_single_image wpb_content_element vc_align_left\">\n\t\t\n\t\t<figure class=\"wpb_wrapper vc_figure\">\n\t\t\t<div class=\"vc_single_image-wrapper   vc_box_border_grey\"><img loading=\"lazy\" decoding=\"async\" width=\"474\" height=\"317\" src=\"https:\/\/www.isc.edu.eg\/concordia\/wp-content\/uploads\/2023\/03\/evalang_1.webp\" class=\"vc_single_image-img attachment-full\" alt=\"\" title=\"evalang_1\" srcset=\"https:\/\/www.isc.edu.eg\/concordia\/wp-content\/uploads\/2023\/03\/evalang_1.webp 474w, https:\/\/www.isc.edu.eg\/concordia\/wp-content\/uploads\/2023\/03\/evalang_1-300x201.webp 300w\" sizes=\"auto, (max-width: 474px) 100vw, 474px\" \/><\/div>\n\t\t<\/figure>\n\t<\/div>\n<\/div><\/div><\/div><\/div><\/div><\/div><div class=\"vc_row wpb_row vc_row-fluid  dark_txt svg_none svg_bottom_none  svg_bottom\"   >\n                  \n\t\t\t\t       \n\t\t\t\t<div class=\"mo-vc-row-ovelay\" style=\"\"><\/div>\n\t\t\t<div class=\"container main-container\"><div class=\"wpb_column vc_column_container vc_col-sm-12 mo-column-69d836bd888bf\"><div class=\"vc_column-inner\"><div class=\"wpb_wrapper \"  ><div class=\"wpb_wrapper-inner\">\n\t<div class=\"wpb_text_column wpb_content_element \" >\n\t\t<div class=\"wpb_wrapper\">\n\t\t\t<p class=\"font_8\">Ev@lang coll\u00e8ge est un test de positionnement adaptatif en langues vivantes \u00e9trang\u00e8res enti\u00e8rement en ligne. Il permet d&#8217;\u00e9valuer les comp\u00e9tences de chaque \u00e9l\u00e8ve en compr\u00e9hension de l&#8217;oral et compr\u00e9hension de l&#8217;\u00e9crit, ainsi que ses connaissances linguistiques (grammaire et lexique).<\/p>\n<p class=\"font_8\">Ce test concerne tous les \u00e9l\u00e8ves scolaris\u00e9s en classe de troisi\u00e8me, des coll\u00e8ges et lyc\u00e9es professionnels, publics et priv\u00e9s sous contrat d&#8217;\u00c9tat, qui suivent un enseignement d&#8217;anglais en langue vivante 1 ou 2 (LV1 ou LV2), y compris :<\/p>\n<ul class=\"font_8\">\n<li>\n<p class=\"font_8\">les \u00e9l\u00e8ves scolaris\u00e9s dans les classes des sections d&#8217;enseignement g\u00e9n\u00e9ral et professionnel adapt\u00e9 (Segpa), scolaris\u00e9s dans les unit\u00e9s p\u00e9dagogiques pour les \u00e9l\u00e8ves allophones arrivants (UPE2A) et scolaris\u00e9s au sein des unit\u00e9s localis\u00e9es pour l&#8217;inclusion scolaire (Ulis)<\/p>\n<\/li>\n<li>\n<p class=\"font_8\">les \u00e9l\u00e8ves inscrits en troisi\u00e8me pr\u00e9pa-m\u00e9tiers<\/p>\n<\/li>\n<li>\n<p class=\"font_8\">les \u00e9l\u00e8ves des \u00e9tablissements r\u00e9gionaux d&#8217;enseignement adapt\u00e9 (EREA)<\/p>\n<\/li>\n<li>\n<p class=\"font_8\">les \u00e9l\u00e8ves scolaris\u00e9s dans les \u00e9tablissements d&#8217;enseignement fran\u00e7ais \u00e0 l&#8217;\u00e9tranger figurant sur la liste pr\u00e9vue \u00e0 l&#8217;article R. 451-2 du Code de l&#8217;\u00e9ducation, homologu\u00e9s pour le cycle 4 du coll\u00e8ge les \u00e9l\u00e8ves des \u00e9tablissements dont le minist\u00e8re de tutelle a sign\u00e9 une convention avec le minist\u00e8re de l&#8217;\u00c9ducation nationale, de la Jeunesse et des Sports.<\/p>\n<\/li>\n<\/ul>\n\n\t\t<\/div>\n\t<\/div>\n<\/div><\/div><\/div><\/div><\/div><\/div>\n<\/section>","protected":false},"excerpt":{"rendered":"Dipl\u00f4mes &amp; Certificats Notre \u00e9tablissement, homologu\u00e9, rattach\u00e9 \u00e0 l\u2019Acad\u00e9mie de Grenoble, pr\u00e9pare les \u00e9l\u00e8ves \u00e0 l\u2019obtention de 2 dipl\u00f4mes : Le Dipl\u00f4me National Fran\u00e7ais du BREVET (obtention en classe de 3e) Le Dipl\u00f4me National Fran\u00e7ais du Baccalaur\u00e9at G\u00e9n\u00e9ral (obtention en classe de Terminale) A noter, dans le cadre de la r\u00e9forme du Baccalaur\u00e9at, notre \u00e9tablissement [...]","protected":false},"author":1,"featured_media":0,"parent":0,"menu_order":0,"comment_status":"closed","ping_status":"closed","template":"","meta":{"ngg_post_thumbnail":0,"_mc_calendar":[],"footnotes":""},"class_list":["post-1245","page","type-page","status-publish","hentry"],"_links":{"self":[{"href":"https:\/\/www.isc.edu.eg\/concordia\/wp-json\/wp\/v2\/pages\/1245","targetHints":{"allow":["GET"]}}],"collection":[{"href":"https:\/\/www.isc.edu.eg\/concordia\/wp-json\/wp\/v2\/pages"}],"about":[{"href":"https:\/\/www.isc.edu.eg\/concordia\/wp-json\/wp\/v2\/types\/page"}],"author":[{"embeddable":true,"href":"https:\/\/www.isc.edu.eg\/concordia\/wp-json\/wp\/v2\/users\/1"}],"replies":[{"embeddable":true,"href":"https:\/\/www.isc.edu.eg\/concordia\/wp-json\/wp\/v2\/comments?post=1245"}],"version-history":[{"count":12,"href":"https:\/\/www.isc.edu.eg\/concordia\/wp-json\/wp\/v2\/pages\/1245\/revisions"}],"predecessor-version":[{"id":1263,"href":"https:\/\/www.isc.edu.eg\/concordia\/wp-json\/wp\/v2\/pages\/1245\/revisions\/1263"}],"wp:attachment":[{"href":"https:\/\/www.isc.edu.eg\/concordia\/wp-json\/wp\/v2\/media?parent=1245"}],"curies":[{"name":"wp","href":"https:\/\/api.w.org\/{rel}","templated":true}]}}