{"id":1265,"date":"2023-04-14T10:52:13","date_gmt":"2023-04-14T10:52:13","guid":{"rendered":"http:\/\/concordia.fuzewebsites.com\/?page_id=1265"},"modified":"2023-04-14T11:08:05","modified_gmt":"2023-04-14T11:08:05","slug":"orientation","status":"publish","type":"page","link":"https:\/\/www.isc.edu.eg\/concordia\/orientation\/","title":{"rendered":"Orientation"},"content":{"rendered":"<section class=\"wpb-content-wrapper\"><div class=\"vc_row wpb_row vc_row-fluid  dark_txt svg_none svg_bottom_none  svg_bottom\"   >\n                  \n\t\t\t\t       \n\t\t\t\t<div class=\"mo-vc-row-ovelay\" style=\"\"><\/div>\n\t\t\t<div class=\"container main-container\"><div class=\"wpb_column vc_column_container vc_col-sm-12 mo-column-69d838460da68\"><div class=\"vc_column-inner\"><div class=\"wpb_wrapper \"  ><div class=\"wpb_wrapper-inner\"><h2 style=\"text-align: center;font-family:Abril Fatface;font-weight:400;font-style:normal\" class=\"vc_custom_heading\">Orientation<br \/>\nPRIO au lyc\u00e9e CONCORDIA<\/h2>\n\t<div class=\"wpb_text_column wpb_content_element \" >\n\t\t<div class=\"wpb_wrapper\">\n\t\t\t<div id=\"comp-l9pd16iy\" class=\"KcpHeO tz5f0K comp-l9pd16iy wixui-rich-text\" data-testid=\"richTextElement\">\n<p class=\"font_7\" style=\"text-align: center;\"><span class=\"wixGuard\">\u200b<\/span>Contrairement aux g\u00e9n\u00e9rations pr\u00e9c\u00e9dentes et dans un monde ouvert avec une jeunesse soif d\u2019apprendre, nous devons faire face \u00e0 une offre de formation des \u00e9tudes sup\u00e9rieures tr\u00e8s diversifi\u00e9e et comp\u00e9titive.<\/p>\n<\/div>\n<div id=\"comp-l9pd16iz3\" class=\"comp-l9pd16iz3\">\n<div class=\"StylableButton2545352419__container\" style=\"text-align: center;\"><\/div>\n<\/div>\n\n\t\t<\/div>\n\t<\/div>\n     <div class=\"text-center \">\n       <a class=\"button btn-solid btn-txt-circle light hr_light bg_primary bg_hr_primary outline_grey outline_hr_grey medium radius0 linear\"  href=\"mailto:laila.b@ebis-cordia.net\" target=\"_self\">\n                    <span class=\"button-text\">Contactez-moi<\/span>\n                  <\/a> \n\t <\/div>\n    \n\t<div  class=\"wpb_single_image wpb_content_element vc_align_center\">\n\t\t\n\t\t<figure class=\"wpb_wrapper vc_figure\">\n\t\t\t<div class=\"vc_single_image-wrapper   vc_box_border_grey\"><img loading=\"lazy\" decoding=\"async\" width=\"900\" height=\"369\" src=\"https:\/\/www.isc.edu.eg\/concordia\/wp-content\/uploads\/2023\/04\/Prio-1024x420.webp\" class=\"vc_single_image-img attachment-large\" alt=\"\" title=\"\" srcset=\"https:\/\/www.isc.edu.eg\/concordia\/wp-content\/uploads\/2023\/04\/Prio-1024x420.webp 1024w, https:\/\/www.isc.edu.eg\/concordia\/wp-content\/uploads\/2023\/04\/Prio-300x123.webp 300w, https:\/\/www.isc.edu.eg\/concordia\/wp-content\/uploads\/2023\/04\/Prio-768x315.webp 768w, https:\/\/www.isc.edu.eg\/concordia\/wp-content\/uploads\/2023\/04\/Prio.webp 1366w\" sizes=\"auto, (max-width: 900px) 100vw, 900px\" \/><\/div>\n\t\t<\/figure>\n\t<\/div>\n\n\t<div class=\"wpb_text_column wpb_content_element \" >\n\t\t<div class=\"wpb_wrapper\">\n\t\t\t<div id=\"comp-l9pd16iy\" class=\"KcpHeO tz5f0K comp-l9pd16iy wixui-rich-text\" data-testid=\"richTextElement\">\n<div id=\"bgLayers_comp-l9pd16ja\" class=\"MW5IWV\" data-hook=\"bgLayers\">\n<div id=\"bgMedia_comp-l9pd16ja\" class=\"VgO9Yg\">Notre \u00e9cole se distingue d\u2019offrir \u00e0 ses \u00e9l\u00e8ves un suivi personnalis\u00e9 durant les trois ann\u00e9es du lyc\u00e9e, qui les pr\u00e9pare \u00e0 l\u2019admission dans les diff\u00e9rentes institutions prestigieuses en Egypte, en France et dans les diff\u00e9rents pays du monde. Chaque ann\u00e9e, nos \u00e9lev\u00e9s choisissent de poursuivre leurs projets d\u2019\u00e9tudes sup\u00e9rieures dans diff\u00e9rentes r\u00e9gions et dans diff\u00e9rentes langues. Pour cela, Ils sont accompagn\u00e9s tout au long de cette d\u00e9marche par le PRIO, en coop\u00e9ration avec les professeurs, professeurs principaux et membres de la direction, ainsi que d\u2019autres collaborateurs externes.<\/div>\n<\/div>\n<div class=\"\" data-mesh-id=\"comp-l9pd16jainlineContent\" data-testid=\"inline-content\">\n<div data-mesh-id=\"comp-l9pd16jainlineContent-gridContainer\" data-testid=\"mesh-container-content\">\n<div id=\"comp-l9pd16jt1\" class=\"KcpHeO tz5f0K comp-l9pd16jt1 wixui-rich-text\" data-testid=\"richTextElement\">\n<p class=\"font_8\">A l\u2019\u00e2ge de l\u2019adolescence, les \u00e9l\u00e8ves n\u2019ont pas la capacit\u00e9 de prendre de grandes d\u00e9cisions et il leur est tr\u00e8s difficile de d\u00e9terminer leur projet d\u2019\u00e9tudes ou m\u00eame les m\u00e9tiers d\u2019avenir. Ils changent constamment d\u2019id\u00e9es renon\u00e7ant parfois \u00e0 leurs r\u00eaves.<\/p>\n<p class=\"font_8\">Notre r\u00f4le est de faciliter leur parcours du lyc\u00e9e vers l\u2019universit\u00e9 en d\u00e9ployant tous les outils disponibles, propos\u00e9s par l\u2019agence AEFE, d\u2019autres collaborateurs ainsi que le \u2018\u2019Padlet Orientation\u2019\u2019 cr\u00e9\u00e9 par le PRIO et mis \u00e0 jour p\u00e9riodiquement. Il est mis \u00e0 la disposition des \u00e9l\u00e8ves \u00e0 tout moment. Ce padlet propose des outils de recherches, tests de personnalit\u00e9, des guides de recherches et d\u2019admissions aux \u00e9tudes sup\u00e9rieures ainsi que des sch\u00e9mas d\u2019\u00e9tudes.<\/p>\n<\/div>\n<\/div>\n<\/div>\n<\/div>\n\n\t\t<\/div>\n\t<\/div>\n\n\t<div  class=\"wpb_single_image wpb_content_element vc_align_center\">\n\t\t\n\t\t<figure class=\"wpb_wrapper vc_figure\">\n\t\t\t<div class=\"vc_single_image-wrapper   vc_box_border_grey\"><img loading=\"lazy\" decoding=\"async\" width=\"774\" height=\"427\" src=\"https:\/\/www.isc.edu.eg\/concordia\/wp-content\/uploads\/2023\/04\/PRIO1.webp\" class=\"vc_single_image-img attachment-large\" alt=\"\" title=\"PRIO1\" srcset=\"https:\/\/www.isc.edu.eg\/concordia\/wp-content\/uploads\/2023\/04\/PRIO1.webp 774w, https:\/\/www.isc.edu.eg\/concordia\/wp-content\/uploads\/2023\/04\/PRIO1-300x166.webp 300w, https:\/\/www.isc.edu.eg\/concordia\/wp-content\/uploads\/2023\/04\/PRIO1-768x424.webp 768w\" sizes=\"auto, (max-width: 774px) 100vw, 774px\" \/><\/div>\n\t\t<\/figure>\n\t<\/div>\n<h3 style=\"text-align: center;font-family:Abril Fatface;font-weight:400;font-style:normal\" class=\"vc_custom_heading\">Le plan de notre suivi d\u2019orientation est mis en \u0153uvre \u00e0 travers des sessions qui se focalisent sur les points suivants et qui commencent donc en seconde:<\/h3>\n\t<div class=\"wpb_text_column wpb_content_element \" >\n\t\t<div class=\"wpb_wrapper\">\n\t\t\t<ul>\n<li>D\u00e9terminer ses capacit\u00e9s acad\u00e9miques et personnelles<\/li>\n<li>D\u00e9couvrir ses qualit\u00e9s, points \u00e0 renforcer<\/li>\n<li>R\u00e9flexion sur soi<\/li>\n<li>Se familiariser avec les diff\u00e9rents outils de recherches d\u2019informations propos\u00e9es<\/li>\n<li>Explorer le vocabulaire de l\u2019orientation \u00e0 travers des simulations de recherches<\/li>\n<li>Visiter des salons de l\u2019\u00e9tudiant et les diff\u00e9rents \u00e9v\u00e8nements en relation avec les \u00e9tudes sup\u00e9rieures<\/li>\n<li>S\u2019engager dans des projets extra scolaires : MUN \u00e0 l\u2019\u00e9cole ou dans \u00e9coles et universit\u00e9s organisatrices, travail associatif, stage, MOOC, formations en art ou en programmation, comp\u00e9titions, entreprenariat, concours, projets de cr\u00e9ation d\u2019entreprise\u2026<\/li>\n<li>Pr\u00e9parer le portfolio (artistique\/ sportif\u2026)<\/li>\n<li>R\u00e9flexion sur son projet d\u2019\u00e9tudes sup\u00e9rieures et de carri\u00e8re professionnelle<br \/>\n<strong>Important: Choisir les deux mati\u00e8res de sp\u00e9cialit\u00e9s en 1ere et l\u2019option avant le second conseil de classe.<\/strong><\/li>\n<\/ul>\n\n\t\t<\/div>\n\t<\/div>\n<div class=\"vc_row wpb_row vc_inner vc_row-fluid vc_column-gap-0\"   ><div class=\"wpb_column vc_column_container vc_col-sm-6 mo-column-69d838460f755\"><div class=\"vc_column-inner\" ><div class=\"wpb_wrapper\">\n\t<div  class=\"wpb_single_image wpb_content_element vc_align_right\">\n\t\t\n\t\t<figure class=\"wpb_wrapper vc_figure\">\n\t\t\t<div class=\"vc_single_image-wrapper   vc_box_border_grey\"><img loading=\"lazy\" decoding=\"async\" width=\"300\" height=\"219\" src=\"https:\/\/www.isc.edu.eg\/concordia\/wp-content\/uploads\/2023\/04\/Prio-1-300x219.webp\" class=\"vc_single_image-img attachment-medium\" alt=\"\" title=\"\" srcset=\"https:\/\/www.isc.edu.eg\/concordia\/wp-content\/uploads\/2023\/04\/Prio-1-300x219.webp 300w, https:\/\/www.isc.edu.eg\/concordia\/wp-content\/uploads\/2023\/04\/Prio-1.webp 391w\" sizes=\"auto, (max-width: 300px) 100vw, 300px\" \/><\/div>\n\t\t<\/figure>\n\t<\/div>\n<\/div><\/div><\/div><div class=\"wpb_column vc_column_container vc_col-sm-6 mo-column-69d83846100f3\"><div class=\"vc_column-inner\" ><div class=\"wpb_wrapper\">\n\t<div  class=\"wpb_single_image wpb_content_element vc_align_left\">\n\t\t\n\t\t<figure class=\"wpb_wrapper vc_figure\">\n\t\t\t<div class=\"vc_single_image-wrapper   vc_box_border_grey\"><img loading=\"lazy\" decoding=\"async\" width=\"300\" height=\"219\" src=\"https:\/\/www.isc.edu.eg\/concordia\/wp-content\/uploads\/2023\/04\/Prio3-300x219.webp\" class=\"vc_single_image-img attachment-medium\" alt=\"\" title=\"\" srcset=\"https:\/\/www.isc.edu.eg\/concordia\/wp-content\/uploads\/2023\/04\/Prio3-300x219.webp 300w, https:\/\/www.isc.edu.eg\/concordia\/wp-content\/uploads\/2023\/04\/Prio3.webp 390w\" sizes=\"auto, (max-width: 300px) 100vw, 300px\" \/><\/div>\n\t\t<\/figure>\n\t<\/div>\n<\/div><\/div><\/div><\/div>\n\t<div class=\"wpb_text_column wpb_content_element \" >\n\t\t<div class=\"wpb_wrapper\">\n\t\t\t<p class=\"font_8\" style=\"text-align: left;\">L\u2019ann\u00e9e de premi\u00e8re est une ann\u00e9e d\u2019approfondissent de recherches des fili\u00e8res, pays et langues d\u2019\u00e9tudes. Les \u00e9l\u00e8ves doivent \u00eatre capables de construire plusieurs plans d\u2019\u00e9tudes sup\u00e9rieures, selon leurs capacit\u00e9s et pr\u00e9f\u00e9rences. Nous leur pr\u00e9sentons des sessions de crit\u00e8res personnels du choix de projet afin de le personnaliser davantage et affronter la comp\u00e9titivit\u00e9 mondiale. Ceci en consid\u00e9rant l\u2019environnement de chacun et sans se comparer aux autres.<\/p>\n<p class=\"font_8\" style=\"text-align: left;\">Durant l\u2019ann\u00e9e, le lyc\u00e9e propose des visites universitaires, des pr\u00e9sentations de professionnels dans plusieurs domaines et nous sommes ravis de recevoir parfois des parents comme intervenants. Le but est de les aider \u00e0 concr\u00e9tiser l\u2019id\u00e9e du projet d\u2019\u00e9tudes choisi. Cela permet \u00e0 l\u2019ensemble de la communaut\u00e9 \u00e9ducative \u00e0 s\u2019engager dans le processus de construction du profile des \u00e9l\u00e8ves.<\/p>\n<p class=\"font_8\" style=\"text-align: left;\">Les salons et forums de l\u2019\u00e9tudiant, virtuel et en pr\u00e9sentiel font partie int\u00e9grante des activit\u00e9s d\u2019orientation durant l\u2019ann\u00e9e de premi\u00e8re. Nos \u00e9l\u00e8ves ont l\u2019opportunit\u00e9 de visiter des institutions venant des quatre coins du globe et leurs capacit\u00e9s linguistiques trilingues leur facilitent l\u2019interaction directe avec les repr\u00e9sentants de ces institutions.<\/p>\n<p class=\"font_8\" style=\"text-align: left;\">Les sessions d\u2019orientation consiste aussi \u00e0 d\u00e9velopper les profils, Les \u00e9l\u00e8ves commencent \u00e0 pr\u00e9parer le CV, apprendre les outils de r\u00e9daction de la lettre de motivation, d\u00e9terminant et passent les tests de langues pour la pr\u00e9paration des dossiers d\u2019admission.<\/p>\n<p class=\"font_8\" style=\"text-align: left;\">Nous les encourageons \u00e9videment \u00e0 poursuivre la participation aux activit\u00e9s extrascolaires qui viendra renforcer sans doute leurs personnalit\u00e9s et cr\u00e9er un profil \u2018\u2019challenger\u2019\u2019.<\/p>\n\n\t\t<\/div>\n\t<\/div>\n\n\t<div  class=\"wpb_single_image wpb_content_element vc_align_center\">\n\t\t\n\t\t<figure class=\"wpb_wrapper vc_figure\">\n\t\t\t<div class=\"vc_single_image-wrapper   vc_box_border_grey\"><img loading=\"lazy\" decoding=\"async\" width=\"590\" height=\"437\" src=\"https:\/\/www.isc.edu.eg\/concordia\/wp-content\/uploads\/2023\/04\/PRIO5.webp\" class=\"vc_single_image-img attachment-large\" alt=\"\" title=\"\" srcset=\"https:\/\/www.isc.edu.eg\/concordia\/wp-content\/uploads\/2023\/04\/PRIO5.webp 590w, https:\/\/www.isc.edu.eg\/concordia\/wp-content\/uploads\/2023\/04\/PRIO5-300x222.webp 300w\" sizes=\"auto, (max-width: 590px) 100vw, 590px\" \/><\/div>\n\t\t<\/figure>\n\t<\/div>\n\n\t<div class=\"wpb_text_column wpb_content_element \" >\n\t\t<div class=\"wpb_wrapper\">\n\t\t\t<p>A la fin de l\u2019ann\u00e9e, il leur est demand\u00e9 de d\u00e9cider la sp\u00e9cialit\u00e9 \u00e0 abandonner et de d\u00e9finir la liste finale de leurs plans d\u2019\u00e9tudes, incluant:<\/p>\n<ul>\n<li>\n<p class=\"font_8\">Pays d\u2019\u00e9tude<\/p>\n<\/li>\n<li>\n<p class=\"font_8\">Fili\u00e8res d\u2019\u00e9tude<\/p>\n<\/li>\n<li>\n<p class=\"font_8\">Date limite d\u2019admission<\/p>\n<\/li>\n<li>\n<p class=\"font_8\">Frais d\u2019\u00e9tudes et autres (Cela est d\u2019une grande aide aux parents pour d\u00e9terminer le budget du parcours universitaire)<\/p>\n<\/li>\n<li>\n<p class=\"font_8\">Documents requis<\/p>\n<\/li>\n<li>\n<p class=\"font_8\">CV<\/p>\n<\/li>\n<li>\n<p class=\"font_8\">Portfolio (Artistiques, sportifs\u2026)<\/p>\n<\/li>\n<li>\n<p class=\"font_8\">Tests requis<\/p>\n<\/li>\n<\/ul>\n<p class=\"font_8\">L\u2019ann\u00e9e de Terminale est l\u2019ann\u00e9e d\u00e9terminante. Pour plusieurs \u00e9l\u00e8ves, elle commence m\u00eame avant la rentr\u00e9e scolaire en tenant compte des dates d\u2019admission dans des pays anglo-saxons.<\/p>\n<p class=\"font_8\">La derni\u00e8re phase de notre travail de guide se caract\u00e9rise par l\u2019approfondissement du suivi personnalis\u00e9 et la PRIO est surtout sollicit\u00e9e pour aider \u00e0 valider les dossiers des \u00e9l\u00e8ves (en fran\u00e7ais et en anglais), sur les plateformes d\u2019admissions des diff\u00e9rents pays:<\/p>\n<ul class=\"font_8\">\n<li>\n<p class=\"font_8\">France: Parcoursup<\/p>\n<\/li>\n<li>\n<p class=\"font_8\">Egypte: Tansiq<\/p>\n<\/li>\n<li>\n<p class=\"font_8\">Royaume-Uni: UCAS<\/p>\n<\/li>\n<li>\n<p class=\"font_8\">\u00c9tats-Unis: CommonApp<\/p>\n<\/li>\n<li>\n<p class=\"font_8\">Canada -Ontario: OUAC<\/p>\n<\/li>\n<li>\n<p class=\"font_8\">Pays Bas: Studylink<\/p>\n<\/li>\n<\/ul>\n<ul class=\"font_8\">\n<li>\n<p class=\"font_8\">Correction des lettres de motivations et des CV<\/p>\n<\/li>\n<li>\n<p class=\"font_8\">Pr\u00e9paration des lettres de recommandations<\/p>\n<\/li>\n<li>\n<p class=\"font_8\">Envoie des notes pr\u00e9dites<\/p>\n<\/li>\n<\/ul>\n<p class=\"font_8\">Notre lyc\u00e9e est fier de voir passer des g\u00e9n\u00e9rations de laur\u00e9ats du Baccalaur\u00e9at avec des profils tr\u00e8s diversifi\u00e9s, choisissant de poursuivre leurs chemins dans le monde entier et pour la plupart, s\u2019adapter facilement \u00e0 la vie universitaire avec toutes les comp\u00e9tences acquises durant leurs ann\u00e9es du lyc\u00e9e.<\/p>\n<p class=\"font_8\">Le d\u00e9vouement de toute l\u2019\u00e9quipe p\u00e9dagogique et de direction envers nos \u00e9l\u00e8ves se refl\u00e8te \u00e0 travers la demande constante de nos profils. Ils sont plus que trilingues, m\u00e9thodiques et pers\u00e9v\u00e9rants.<\/p>\n\n\t\t<\/div>\n\t<\/div>\n\n\t<div  class=\"wpb_single_image wpb_content_element vc_align_center\">\n\t\t\n\t\t<figure class=\"wpb_wrapper vc_figure\">\n\t\t\t<div class=\"vc_single_image-wrapper   vc_box_border_grey\"><img loading=\"lazy\" decoding=\"async\" width=\"757\" height=\"313\" src=\"https:\/\/www.isc.edu.eg\/concordia\/wp-content\/uploads\/2023\/04\/Untitled.webp\" class=\"vc_single_image-img attachment-large\" alt=\"\" title=\"\" srcset=\"https:\/\/www.isc.edu.eg\/concordia\/wp-content\/uploads\/2023\/04\/Untitled.webp 757w, https:\/\/www.isc.edu.eg\/concordia\/wp-content\/uploads\/2023\/04\/Untitled-300x124.webp 300w\" sizes=\"auto, (max-width: 757px) 100vw, 757px\" \/><\/div>\n\t\t<\/figure>\n\t<\/div>\n<h3 style=\"text-align: center;font-family:Abril Fatface;font-weight:400;font-style:normal\" class=\"vc_custom_heading\">Suivi universitaire de l\u2019ann\u00e9e acad\u00e9mique 2021-2022<\/h3>\n\t<div class=\"wpb_text_column wpb_content_element \" >\n\t\t<div class=\"wpb_wrapper\">\n\t\t\t<p class=\"font_8\">2021-2022 a vu se renforcer l\u2019offre universitaire international en Egypte. 60% de nos 96 \u00e9l\u00e8ves sont rest\u00e9s dans leur pays.<\/p>\n<p class=\"font_8\">Parall\u00e8lement, le taux d\u2019\u00e9l\u00e8ves qui sont partis en France a largement augment\u00e9. Nous constatons qu\u2019une des raisons a \u00e9t\u00e9 la fin du Covid et surtout, que l\u2019offre de formations en France est de mieux en mieux connue par nos \u00e9l\u00e8ves et de mieux en mieux adapt\u00e9e \u00e0 leurs besoins et attentes.<\/p>\n<p class=\"font_8\">Chaque ann\u00e9e, des \u00e9l\u00e8ves avec des comp\u00e9tences et capacit\u00e9s sp\u00e9cifiques nous surprennent et osent choisir des domaines nouveaux, un atout que nous valorisons dans notre lyc\u00e9e.<\/p>\n<p class=\"font_8\">C\u2019est le suivi continu d\u00e8s l\u2019ann\u00e9e de seconde jusqu\u2019\u00e0 la Terminale, qui permet d\u2019affiner le projet d\u2019\u00e9tudes universitaires et celui de carri\u00e8re professionnelle.<\/p>\n\n\t\t<\/div>\n\t<\/div>\n<div class=\"vc-hoverbox-wrapper  vc-hoverbox-shape--rounded vc-hoverbox-align--center vc-hoverbox-direction--default vc-hoverbox-width--100\"  ontouchstart=\"\">\n  <div class=\"vc-hoverbox\">\n    <div class=\"vc-hoverbox-inner\">\n      <div class=\"vc-hoverbox-block vc-hoverbox-front\" style=\"background-image: url(https:\/\/www.isc.edu.eg\/concordia\/wp-content\/plugins\/js_composer\/assets\/vc\/no_image.png);\">\n        <div class=\"vc-hoverbox-block-inner vc-hoverbox-front-inner\">\n            <h2 style=\"text-align:center\">Hover Box Element<\/h2>\n        <\/div>\n      <\/div>\n      <div class=\"vc-hoverbox-block vc-hoverbox-back\" style=\"background-color: #ebebeb;\">\n        <div class=\"vc-hoverbox-block-inner vc-hoverbox-back-inner\">\n            <h2 style=\"text-align:center\">Hover Box Element<\/h2>\n            <p>Click edit button to change this text. Lorem ipsum dolor sit amet, consectetur adipiscing elit. Ut elit tellus, luctus nec ullamcorper mattis, pulvinar dapibus leo.<\/p>\n\n            \n        <\/div>\n      <\/div>\n    <\/div>\n  <\/div>\n<\/div>\n\t<div  class=\"wpb_single_image wpb_content_element vc_align_center\">\n\t\t\n\t\t<figure class=\"wpb_wrapper vc_figure\">\n\t\t\t<div class=\"vc_single_image-wrapper   vc_box_border_grey\"><img loading=\"lazy\" decoding=\"async\" width=\"757\" height=\"413\" src=\"https:\/\/www.isc.edu.eg\/concordia\/wp-content\/uploads\/2023\/04\/Untitledddd.webp\" class=\"vc_single_image-img attachment-large\" alt=\"\" title=\"\" srcset=\"https:\/\/www.isc.edu.eg\/concordia\/wp-content\/uploads\/2023\/04\/Untitledddd.webp 757w, https:\/\/www.isc.edu.eg\/concordia\/wp-content\/uploads\/2023\/04\/Untitledddd-300x164.webp 300w\" sizes=\"auto, (max-width: 757px) 100vw, 757px\" \/><\/div>\n\t\t<\/figure>\n\t<\/div>\n<\/div><\/div><\/div><\/div><\/div><\/div>\n<\/section>","protected":false},"excerpt":{"rendered":"Orientation PRIO au lyc\u00e9e CONCORDIA \u200bContrairement aux g\u00e9n\u00e9rations pr\u00e9c\u00e9dentes et dans un monde ouvert avec une jeunesse soif d\u2019apprendre, nous devons faire face \u00e0 une offre de formation des \u00e9tudes sup\u00e9rieures tr\u00e8s diversifi\u00e9e et comp\u00e9titive. Contactez-moi Notre \u00e9cole se distingue d\u2019offrir \u00e0 ses \u00e9l\u00e8ves un suivi personnalis\u00e9 durant les trois ann\u00e9es du lyc\u00e9e, qui les [...]","protected":false},"author":1,"featured_media":0,"parent":0,"menu_order":0,"comment_status":"closed","ping_status":"closed","template":"","meta":{"ngg_post_thumbnail":0,"_mc_calendar":[],"footnotes":""},"class_list":["post-1265","page","type-page","status-publish","hentry"],"_links":{"self":[{"href":"https:\/\/www.isc.edu.eg\/concordia\/wp-json\/wp\/v2\/pages\/1265","targetHints":{"allow":["GET"]}}],"collection":[{"href":"https:\/\/www.isc.edu.eg\/concordia\/wp-json\/wp\/v2\/pages"}],"about":[{"href":"https:\/\/www.isc.edu.eg\/concordia\/wp-json\/wp\/v2\/types\/page"}],"author":[{"embeddable":true,"href":"https:\/\/www.isc.edu.eg\/concordia\/wp-json\/wp\/v2\/users\/1"}],"replies":[{"embeddable":true,"href":"https:\/\/www.isc.edu.eg\/concordia\/wp-json\/wp\/v2\/comments?post=1265"}],"version-history":[{"count":11,"href":"https:\/\/www.isc.edu.eg\/concordia\/wp-json\/wp\/v2\/pages\/1265\/revisions"}],"predecessor-version":[{"id":1283,"href":"https:\/\/www.isc.edu.eg\/concordia\/wp-json\/wp\/v2\/pages\/1265\/revisions\/1283"}],"wp:attachment":[{"href":"https:\/\/www.isc.edu.eg\/concordia\/wp-json\/wp\/v2\/media?parent=1265"}],"curies":[{"name":"wp","href":"https:\/\/api.w.org\/{rel}","templated":true}]}}