{"id":1295,"date":"2023-04-14T11:20:29","date_gmt":"2023-04-14T11:20:29","guid":{"rendered":"http:\/\/concordia.fuzewebsites.com\/?page_id=1295"},"modified":"2023-04-14T11:24:19","modified_gmt":"2023-04-14T11:24:19","slug":"guide-du-cvl","status":"publish","type":"page","link":"https:\/\/www.isc.edu.eg\/concordia\/guide-du-cvl\/","title":{"rendered":"Guide du CVL"},"content":{"rendered":"<section class=\"wpb-content-wrapper\"><div class=\"vc_row wpb_row vc_row-fluid  dark_txt svg_none svg_bottom_none  svg_bottom\"   >\n                  \n\t\t\t\t       \n\t\t\t\t<div class=\"mo-vc-row-ovelay\" style=\"\"><\/div>\n\t\t\t<div class=\"container main-container\"><div class=\"wpb_column vc_column_container vc_col-sm-12 mo-column-69d83845ef9b5\"><div class=\"vc_column-inner\"><div class=\"wpb_wrapper \"  ><div class=\"wpb_wrapper-inner\"><h2 style=\"text-align: center;font-family:Abril Fatface;font-weight:400;font-style:normal\" class=\"vc_custom_heading\">Guide du CVL<\/h2><div class=\"vc_row wpb_row vc_inner vc_row-fluid vc_column-gap-0\"   ><div class=\"wpb_column vc_column_container vc_col-sm-3 mo-column-69d838460290c\"><div class=\"vc_column-inner\" ><div class=\"wpb_wrapper\">\n\t<div  class=\"wpb_single_image wpb_content_element vc_align_center\">\n\t\t\n\t\t<figure class=\"wpb_wrapper vc_figure\">\n\t\t\t<div class=\"vc_single_image-wrapper   vc_box_border_grey\"><img loading=\"lazy\" decoding=\"async\" width=\"169\" height=\"300\" src=\"https:\/\/www.isc.edu.eg\/concordia\/wp-content\/uploads\/2023\/04\/Guide-du-CVL-169x300.webp\" class=\"vc_single_image-img attachment-medium\" alt=\"\" title=\"\" srcset=\"https:\/\/www.isc.edu.eg\/concordia\/wp-content\/uploads\/2023\/04\/Guide-du-CVL-169x300.webp 169w, https:\/\/www.isc.edu.eg\/concordia\/wp-content\/uploads\/2023\/04\/Guide-du-CVL.webp 286w\" sizes=\"auto, (max-width: 169px) 100vw, 169px\" \/><\/div>\n\t\t<\/figure>\n\t<\/div>\n<\/div><\/div><\/div><div class=\"wpb_column vc_column_container vc_col-sm-9 mo-column-69d8384605991\"><div class=\"vc_column-inner\" ><div class=\"wpb_wrapper\">\n\t<div class=\"wpb_text_column wpb_content_element \" >\n\t\t<div class=\"wpb_wrapper\">\n\t\t\t<p>Le Conseil de Vie Lyc\u00e9enne est une instance o\u00f9 les lyc\u00e9ens sont associ\u00e9s aux d\u00e9cisions de leur \u00e9tablissement scolaire. Le CVL est comp\u00e9tent pour d\u00e9battre des questions sur le travail scolaire et les conditions de vie des \u00e9l\u00e8ves dans les lyc\u00e9es. Le conseil d&#8217;administration de l&#8217;\u00e9tablissement scolaire le consulte quand il doit traiter d&#8217;un de ces sujets. Le Conseil de Vie Lyc\u00e9enne s\u2019adosse \u00e0 l\u2019action du projet d\u2019\u00e9tablissement 2022-2025 avec ses axes suivants : &#8211; Tenir compte que Concordia est un Lyc\u00e9e Internationale Fran\u00e7ais pour un public d\u2019apprenants \u00e9gyptiens. &#8211; Le lyc\u00e9e est une organisation apprenante avec des espaces de discussions et d\u2019\u00e9changes. (travail collaboratif, projets pens\u00e9s et r\u00e9alis\u00e9s pour et par les \u00e9l\u00e8ves, apprentissage de la d\u00e9mocratie participative<\/p>\n\n\t\t<\/div>\n\t<\/div>\n<div class=\"vc_btn3-container vc_btn3-center\" ><a class=\"vc_general vc_btn3 vc_btn3-size-md vc_btn3-shape-rounded vc_btn3-style-modern vc_btn3-color-grey\" href=\"https:\/\/www.concordiasite.com\/_files\/ugd\/d1a054_08fd39fb326049af87f7a7fbd0307110.pdf\" title=\"\">Pour t\u00e9l\u00e9charger le guide du CVL, cliquez ici<\/a><\/div><\/div><\/div><\/div><\/div><\/div><\/div><\/div><\/div><\/div><\/div>\n<\/section>","protected":false},"excerpt":{"rendered":"Guide du CVL Le Conseil de Vie Lyc\u00e9enne est une instance o\u00f9 les lyc\u00e9ens sont associ\u00e9s aux d\u00e9cisions de leur \u00e9tablissement scolaire. Le CVL est comp\u00e9tent pour d\u00e9battre des questions sur le travail scolaire et les conditions de vie des \u00e9l\u00e8ves dans les lyc\u00e9es. Le conseil d'administration de l'\u00e9tablissement scolaire le consulte quand il doit [...]","protected":false},"author":1,"featured_media":0,"parent":0,"menu_order":0,"comment_status":"closed","ping_status":"closed","template":"","meta":{"ngg_post_thumbnail":0,"_mc_calendar":[],"footnotes":""},"class_list":["post-1295","page","type-page","status-publish","hentry"],"_links":{"self":[{"href":"https:\/\/www.isc.edu.eg\/concordia\/wp-json\/wp\/v2\/pages\/1295","targetHints":{"allow":["GET"]}}],"collection":[{"href":"https:\/\/www.isc.edu.eg\/concordia\/wp-json\/wp\/v2\/pages"}],"about":[{"href":"https:\/\/www.isc.edu.eg\/concordia\/wp-json\/wp\/v2\/types\/page"}],"author":[{"embeddable":true,"href":"https:\/\/www.isc.edu.eg\/concordia\/wp-json\/wp\/v2\/users\/1"}],"replies":[{"embeddable":true,"href":"https:\/\/www.isc.edu.eg\/concordia\/wp-json\/wp\/v2\/comments?post=1295"}],"version-history":[{"count":4,"href":"https:\/\/www.isc.edu.eg\/concordia\/wp-json\/wp\/v2\/pages\/1295\/revisions"}],"predecessor-version":[{"id":1301,"href":"https:\/\/www.isc.edu.eg\/concordia\/wp-json\/wp\/v2\/pages\/1295\/revisions\/1301"}],"wp:attachment":[{"href":"https:\/\/www.isc.edu.eg\/concordia\/wp-json\/wp\/v2\/media?parent=1295"}],"curies":[{"name":"wp","href":"https:\/\/api.w.org\/{rel}","templated":true}]}}