{"id":1302,"date":"2023-04-14T11:25:33","date_gmt":"2023-04-14T11:25:33","guid":{"rendered":"http:\/\/concordia.fuzewebsites.com\/?page_id=1302"},"modified":"2023-04-14T11:31:16","modified_gmt":"2023-04-14T11:31:16","slug":"guide-du-cvc","status":"publish","type":"page","link":"https:\/\/www.isc.edu.eg\/concordia\/guide-du-cvc\/","title":{"rendered":"Guide du CVC"},"content":{"rendered":"<section class=\"wpb-content-wrapper\"><div class=\"vc_row wpb_row vc_row-fluid  dark_txt svg_none svg_bottom_none  svg_bottom\"   >\n                  \n\t\t\t\t       \n\t\t\t\t<div class=\"mo-vc-row-ovelay\" style=\"\"><\/div>\n\t\t\t<div class=\"container main-container\"><div class=\"wpb_column vc_column_container vc_col-sm-12 mo-column-69d9f148ea0f8\"><div class=\"vc_column-inner\"><div class=\"wpb_wrapper \"  ><div class=\"wpb_wrapper-inner\"><h2 style=\"text-align: center;font-family:Abril Fatface;font-weight:400;font-style:normal\" class=\"vc_custom_heading\">Guide du CVC<\/h2><div class=\"vc_row wpb_row vc_inner vc_row-fluid vc_column-gap-0\"   ><div class=\"wpb_column vc_column_container vc_col-sm-3 mo-column-69d9f148ea69a\"><div class=\"vc_column-inner\" ><div class=\"wpb_wrapper\">\n\t<div  class=\"wpb_single_image wpb_content_element vc_align_right\">\n\t\t\n\t\t<figure class=\"wpb_wrapper vc_figure\">\n\t\t\t<div class=\"vc_single_image-wrapper   vc_box_border_grey\"><img loading=\"lazy\" decoding=\"async\" width=\"297\" height=\"300\" src=\"https:\/\/www.isc.edu.eg\/concordia\/wp-content\/uploads\/2023\/04\/guide-du-cvc-297x300.webp\" class=\"vc_single_image-img attachment-medium\" alt=\"\" title=\"\" srcset=\"https:\/\/www.isc.edu.eg\/concordia\/wp-content\/uploads\/2023\/04\/guide-du-cvc-297x300.webp 297w, https:\/\/www.isc.edu.eg\/concordia\/wp-content\/uploads\/2023\/04\/guide-du-cvc-100x100.webp 100w, https:\/\/www.isc.edu.eg\/concordia\/wp-content\/uploads\/2023\/04\/guide-du-cvc.webp 384w\" sizes=\"auto, (max-width: 297px) 100vw, 297px\" \/><\/div>\n\t\t<\/figure>\n\t<\/div>\n<\/div><\/div><\/div><div class=\"wpb_column vc_column_container vc_col-sm-9 mo-column-69d9f148eaf13\"><div class=\"vc_column-inner\" ><div class=\"wpb_wrapper\">\n\t<div class=\"wpb_text_column wpb_content_element \" >\n\t\t<div class=\"wpb_wrapper\">\n\t\t\t<p>Le Conseil de Vie Coll\u00e9gienne est une instance consultative compos\u00e9e d&#8217;\u00e9l\u00e8ves d\u00e9mocratiquement \u00e9lus au suffrage universel indirect pour un mandat d&#8217;une ann\u00e9e scolaire. Cette instance doit permettre de conna\u00eetre les avis et les id\u00e9es des coll\u00e9giens sur le quotidien de l&#8217;\u00e9tablissement et l&#8217;am\u00e9lioration du climat scolaire. Le Conseil de Vie Coll\u00e9gienne s&#8217;adosse \u00e0 l\u2019action du projet d\u2019\u00e9tablissement 2022-2025 avec ses axes suivants : &#8211; Tenir compte que Concordia est un Lyc\u00e9e Internationale Fran\u00e7ais pour un public d\u2019apprenants \u00e9gyptiens. &#8211; Le lyc\u00e9e est une organisation apprenante avec des espaces de discussions et d\u2019\u00e9changes. (travail collaboratif, projets pens\u00e9s et r\u00e9alis\u00e9s pour et par les \u00e9l\u00e8ves, apprentissage de la d\u00e9mocratie participative, etc.)<\/p>\n\n\t\t<\/div>\n\t<\/div>\n<div class=\"vc_btn3-container vc_btn3-inline\" ><a class=\"vc_general vc_btn3 vc_btn3-size-md vc_btn3-shape-rounded vc_btn3-style-modern vc_btn3-color-grey\" href=\"https:\/\/www.concordiasite.com\/_files\/ugd\/d1a054_ec6cc95733764b4692e26e9940e99225.pdf\" title=\"\">Pour t\u00e9l\u00e9charger le guide du CVC, cliquez ici<\/a><\/div><\/div><\/div><\/div><\/div><\/div><\/div><\/div><\/div><\/div><\/div>\n<\/section>","protected":false},"excerpt":{"rendered":"Guide du CVC Le Conseil de Vie Coll\u00e9gienne est une instance consultative compos\u00e9e d'\u00e9l\u00e8ves d\u00e9mocratiquement \u00e9lus au suffrage universel indirect pour un mandat d'une ann\u00e9e scolaire. Cette instance doit permettre de conna\u00eetre les avis et les id\u00e9es des coll\u00e9giens sur le quotidien de l'\u00e9tablissement et l'am\u00e9lioration du climat scolaire. Le Conseil de Vie Coll\u00e9gienne s'adosse [...]","protected":false},"author":1,"featured_media":0,"parent":0,"menu_order":0,"comment_status":"closed","ping_status":"closed","template":"","meta":{"ngg_post_thumbnail":0,"_mc_calendar":[],"footnotes":""},"class_list":["post-1302","page","type-page","status-publish","hentry"],"_links":{"self":[{"href":"https:\/\/www.isc.edu.eg\/concordia\/wp-json\/wp\/v2\/pages\/1302","targetHints":{"allow":["GET"]}}],"collection":[{"href":"https:\/\/www.isc.edu.eg\/concordia\/wp-json\/wp\/v2\/pages"}],"about":[{"href":"https:\/\/www.isc.edu.eg\/concordia\/wp-json\/wp\/v2\/types\/page"}],"author":[{"embeddable":true,"href":"https:\/\/www.isc.edu.eg\/concordia\/wp-json\/wp\/v2\/users\/1"}],"replies":[{"embeddable":true,"href":"https:\/\/www.isc.edu.eg\/concordia\/wp-json\/wp\/v2\/comments?post=1302"}],"version-history":[{"count":3,"href":"https:\/\/www.isc.edu.eg\/concordia\/wp-json\/wp\/v2\/pages\/1302\/revisions"}],"predecessor-version":[{"id":1306,"href":"https:\/\/www.isc.edu.eg\/concordia\/wp-json\/wp\/v2\/pages\/1302\/revisions\/1306"}],"wp:attachment":[{"href":"https:\/\/www.isc.edu.eg\/concordia\/wp-json\/wp\/v2\/media?parent=1302"}],"curies":[{"name":"wp","href":"https:\/\/api.w.org\/{rel}","templated":true}]}}