{"id":1315,"date":"2023-04-14T11:41:16","date_gmt":"2023-04-14T11:41:16","guid":{"rendered":"http:\/\/concordia.fuzewebsites.com\/?page_id=1315"},"modified":"2023-04-14T11:50:26","modified_gmt":"2023-04-14T11:50:26","slug":"projet-educatif","status":"publish","type":"page","link":"https:\/\/www.isc.edu.eg\/concordia\/projet-educatif\/","title":{"rendered":"Projet \u00e9ducatif"},"content":{"rendered":"<section class=\"wpb-content-wrapper\"><div class=\"vc_row wpb_row vc_row-fluid  dark_txt svg_none svg_bottom_none  svg_bottom\"   >\n                  \n\t\t\t\t       \n\t\t\t\t<div class=\"mo-vc-row-ovelay\" style=\"\"><\/div>\n\t\t\t<div class=\"container main-container\"><div class=\"wpb_column vc_column_container vc_col-sm-12 mo-column-69d85e8a777eb\"><div class=\"vc_column-inner\"><div class=\"wpb_wrapper \"  ><div class=\"wpb_wrapper-inner\"><h2 style=\"text-align: left;font-family:Abril Fatface;font-weight:400;font-style:normal\" class=\"vc_custom_heading\">Notre mission<\/h2>\n\t<div class=\"wpb_text_column wpb_content_element \" >\n\t\t<div class=\"wpb_wrapper\">\n\t\t\t<p class=\"font_8\">Le Lyc\u00e9e Fran\u00e7ais International Fran\u00e7ais en Egypte &#8211; Concordia est une \u00e9cole priv\u00e9e \u00e9gyptienne qui fonctionne conform\u00e9ment aux programmes officiels de l\u2019Education Nationale fran\u00e7aise auxquels s\u2019ajoutent l\u2019enseignement de l\u2019arabe.<\/p>\n<p class=\"font_8\">L\u2019\u00e9tablissement est homologu\u00e9 et fait partie du r\u00e9seau de l&#8217;AEFE<\/p>\n<p class=\"font_8\"><span class=\"wixGuard\">\u200b<\/span><\/p>\n<p class=\"font_8\">Notre politique est d&#8217;assurer une scolarisation de qualit\u00e9 qui int\u00e8gre les programmes fran\u00e7ais et \u00e9gyptiens avec un parcours linguistique cons\u00e9quent et une ouverture culturelle sur le monde.<\/p>\n<p class=\"font_8\">Chaque \u00e9l\u00e8ve est consid\u00e9r\u00e9 dans son individualit\u00e9 et aid\u00e9 pour qu&#8217;il puisse apprendre le plus sereinement possible dans des conditions optimales. L\u2019\u00e9quipe a \u00e0 c\u0153ur que les enfants soient heureux, \u00e9panouis, respectueux, responsables et autonomes.<\/p>\n\n\t\t<\/div>\n\t<\/div>\n<h2 style=\"text-align: left;font-family:Abril Fatface;font-weight:400;font-style:normal\" class=\"vc_custom_heading\">Programmes<\/h2>\n\t<div class=\"wpb_text_column wpb_content_element \" >\n\t\t<div class=\"wpb_wrapper\">\n\t\t\t<p class=\"font_8\">Les programmes suivis sont ceux du minist\u00e8re de l&#8217;Education Nationale fran\u00e7aise.<\/p>\n<p class=\"font_8\"><span class=\"wixGuard\">\u200b<\/span><\/p>\n<p class=\"font_8\">Ils sont disponibles sur le site de l&#8217;Education Nationale :<\/p>\n<p class=\"font_8\"><a href=\"https:\/\/www.education.gouv.fr\/programmes-scolaires-41483\" target=\"_blank\" rel=\"noreferrer noopener\">https:\/\/www.education.gouv.fr\/programmes-scolaires-41483<\/a><\/p>\n\n\t\t<\/div>\n\t<\/div>\n<\/div><\/div><\/div><\/div><\/div><\/div>\n<\/section>","protected":false},"excerpt":{"rendered":"Notre mission Le Lyc\u00e9e Fran\u00e7ais International Fran\u00e7ais en Egypte - Concordia est une \u00e9cole priv\u00e9e \u00e9gyptienne qui fonctionne conform\u00e9ment aux programmes officiels de l\u2019Education Nationale fran\u00e7aise auxquels s\u2019ajoutent l\u2019enseignement de l\u2019arabe. L\u2019\u00e9tablissement est homologu\u00e9 et fait partie du r\u00e9seau de l'AEFE \u200b Notre politique est d'assurer une scolarisation de qualit\u00e9 qui int\u00e8gre les programmes fran\u00e7ais [...]","protected":false},"author":1,"featured_media":0,"parent":0,"menu_order":0,"comment_status":"closed","ping_status":"closed","template":"","meta":{"ngg_post_thumbnail":0,"_mc_calendar":[],"footnotes":""},"class_list":["post-1315","page","type-page","status-publish","hentry"],"_links":{"self":[{"href":"https:\/\/www.isc.edu.eg\/concordia\/wp-json\/wp\/v2\/pages\/1315","targetHints":{"allow":["GET"]}}],"collection":[{"href":"https:\/\/www.isc.edu.eg\/concordia\/wp-json\/wp\/v2\/pages"}],"about":[{"href":"https:\/\/www.isc.edu.eg\/concordia\/wp-json\/wp\/v2\/types\/page"}],"author":[{"embeddable":true,"href":"https:\/\/www.isc.edu.eg\/concordia\/wp-json\/wp\/v2\/users\/1"}],"replies":[{"embeddable":true,"href":"https:\/\/www.isc.edu.eg\/concordia\/wp-json\/wp\/v2\/comments?post=1315"}],"version-history":[{"count":3,"href":"https:\/\/www.isc.edu.eg\/concordia\/wp-json\/wp\/v2\/pages\/1315\/revisions"}],"predecessor-version":[{"id":1318,"href":"https:\/\/www.isc.edu.eg\/concordia\/wp-json\/wp\/v2\/pages\/1315\/revisions\/1318"}],"wp:attachment":[{"href":"https:\/\/www.isc.edu.eg\/concordia\/wp-json\/wp\/v2\/media?parent=1315"}],"curies":[{"name":"wp","href":"https:\/\/api.w.org\/{rel}","templated":true}]}}