{"id":1326,"date":"2023-04-14T12:24:59","date_gmt":"2023-04-14T12:24:59","guid":{"rendered":"http:\/\/concordia.fuzewebsites.com\/?page_id=1326"},"modified":"2023-04-14T12:28:34","modified_gmt":"2023-04-14T12:28:34","slug":"maternelle","status":"publish","type":"page","link":"https:\/\/www.isc.edu.eg\/concordia\/maternelle\/","title":{"rendered":"Maternelle"},"content":{"rendered":"<section class=\"wpb-content-wrapper\"><div class=\"vc_row wpb_row vc_row-fluid  dark_txt svg_none svg_bottom_none  svg_bottom\"   >\n                  \n\t\t\t\t       \n\t\t\t\t<div class=\"mo-vc-row-ovelay\" style=\"\"><\/div>\n\t\t\t<div class=\"container main-container\"><div class=\"wpb_column vc_column_container vc_col-sm-12 mo-column-69d85e16a31c2\"><div class=\"vc_column-inner\"><div class=\"wpb_wrapper \"  ><div class=\"wpb_wrapper-inner\"><h2 style=\"text-align: center;font-family:Abril Fatface;font-weight:400;font-style:normal\" class=\"vc_custom_heading\">La maternelle - cycle 1<\/h2>\n\t<div  class=\"wpb_single_image wpb_content_element vc_align_center\">\n\t\t\n\t\t<figure class=\"wpb_wrapper vc_figure\">\n\t\t\t<div class=\"vc_single_image-wrapper   vc_box_border_grey\"><img loading=\"lazy\" decoding=\"async\" width=\"645\" height=\"332\" src=\"https:\/\/www.isc.edu.eg\/concordia\/wp-content\/uploads\/2023\/04\/7a3335_285fcbcfedc047c78a46f53b98a29bd0mv2.webp\" class=\"vc_single_image-img attachment-large\" alt=\"\" title=\"\" srcset=\"https:\/\/www.isc.edu.eg\/concordia\/wp-content\/uploads\/2023\/04\/7a3335_285fcbcfedc047c78a46f53b98a29bd0mv2.webp 645w, https:\/\/www.isc.edu.eg\/concordia\/wp-content\/uploads\/2023\/04\/7a3335_285fcbcfedc047c78a46f53b98a29bd0mv2-300x154.webp 300w\" sizes=\"auto, (max-width: 645px) 100vw, 645px\" \/><\/div>\n\t\t<\/figure>\n\t<\/div>\n\n\t<div class=\"wpb_text_column wpb_content_element \" >\n\t\t<div class=\"wpb_wrapper\">\n\t\t\t<h3 class=\"font_0\">Petite section (PS)<\/h3>\n<p class=\"font_9\">Dans le syst\u00e8me fran\u00e7ais, la classe de Petite section, plus simplement appel\u00e9e PS, correspond \u00e0 la premi\u00e8re ann\u00e9e de scolarit\u00e9 d&#8217;un enfant \u00e0 l&#8217;\u00e9cole maternelle. Elle accueille les enfants d\u00e8s l&#8217;\u00e2ge de 3 ans.<\/p>\n<p class=\"font_9\">La PS est la premi\u00e8re ann\u00e9e du cycle des apprentissages premiers. Elle se situe avant la MS.<\/p>\n<h3 class=\"font_0\">Moyenne section (MS)<\/h3>\n<p class=\"font_9\">La classe de Moyenne section, plus simplement appel\u00e9e MS, correspond \u00e0 la deuxi\u00e8me ann\u00e9e de scolarit\u00e9 d&#8217;un enfant \u00e0 l&#8217;\u00e9cole maternelle. Elle accueille les enfants entre 3 et 4 ans.<\/p>\n<p class=\"font_9\">La MS est la deuxi\u00e8me ann\u00e9e du cycle des apprentissages premiers. Elle se situe entre la PS et la GS.<\/p>\n<h3 class=\"font_0\">Grande section (GS)<\/h3>\n<p class=\"font_9\">La classe de Grande section, plus simplement appel\u00e9e GS, correspond \u00e0 la troisi\u00e8me ann\u00e9e de scolarit\u00e9 d&#8217;un enfant \u00e0 l&#8217;\u00e9cole maternelle. Elle accueille les enfants entre 5 et 6 ans.<\/p>\n<p class=\"font_9\">La GS est la troisi\u00e8me ann\u00e9e du cycle des apprentissages premiers mais aussi la premi\u00e8re ann\u00e9e du cycle des apprentissages fondamentaux. Elle se situe entre la\u00a0<a href=\"https:\/\/fr.vikidia.org\/wiki\/Moyenne_section\" target=\"_blank\" rel=\"noreferrer noopener\">MS<\/a>\u00a0et le\u00a0<a href=\"https:\/\/fr.vikidia.org\/wiki\/Cours_pr%C3%A9paratoire\" target=\"_blank\" rel=\"noreferrer noopener\">CP<\/a>.<\/p>\n<h3 class=\"font_0\">Les objectifs des classes de l&#8217;\u00e9cole maternelle sont :<\/h3>\n<ul class=\"font_9\">\n<li>\n<p class=\"font_9\">D&#8217;acqu\u00e9rir un langage oral riche, organis\u00e9 et compr\u00e9hensible.<\/p>\n<\/li>\n<li>\n<p class=\"font_9\">D&#8217;apprendre \u00e0 apprendre.<\/p>\n<\/li>\n<li>\n<p class=\"font_9\">D&#8217;apprendre \u00e0 vivre en\u00a0<a href=\"https:\/\/fr.vikidia.org\/wiki\/Soci%C3%A9t%C3%A9_(anthropologie)\" target=\"_blank\" rel=\"noreferrer noopener\">soci\u00e9t\u00e9<\/a>.<\/p>\n<\/li>\n<\/ul>\n<p class=\"font_9\">Durant ces ann\u00e9es \u00e0 l&#8217;\u00e9cole, l&#8217;enfant apprend par le jeu et d\u00e9couvre le monde qui l&#8217;entoure. Il pratique des activit\u00e9s artistiques, comme le\u00a0<a href=\"https:\/\/fr.vikidia.org\/wiki\/Dessin\" target=\"_blank\" rel=\"noreferrer noopener\">dessin<\/a>\u00a0et la\u00a0<a href=\"https:\/\/fr.vikidia.org\/wiki\/Peinture\" target=\"_blank\" rel=\"noreferrer noopener\">peinture<\/a>\u00a0et des activit\u00e9s de motricit\u00e9. L&#8217;enfant garde le m\u00eame instituteur et la m\u00eame classe toute l&#8217;ann\u00e9e.<\/p>\n\n\t\t<\/div>\n\t<\/div>\n<\/div><\/div><\/div><\/div><\/div><\/div>\n<\/section>","protected":false},"excerpt":{"rendered":"La maternelle - cycle 1 Petite section (PS) Dans le syst\u00e8me fran\u00e7ais, la classe de Petite section, plus simplement appel\u00e9e PS, correspond \u00e0 la premi\u00e8re ann\u00e9e de scolarit\u00e9 d'un enfant \u00e0 l'\u00e9cole maternelle. Elle accueille les enfants d\u00e8s l'\u00e2ge de 3 ans. La PS est la premi\u00e8re ann\u00e9e du cycle des apprentissages premiers. Elle se [...]","protected":false},"author":1,"featured_media":0,"parent":0,"menu_order":0,"comment_status":"closed","ping_status":"closed","template":"","meta":{"ngg_post_thumbnail":0,"_mc_calendar":[],"footnotes":""},"class_list":["post-1326","page","type-page","status-publish","hentry"],"_links":{"self":[{"href":"https:\/\/www.isc.edu.eg\/concordia\/wp-json\/wp\/v2\/pages\/1326","targetHints":{"allow":["GET"]}}],"collection":[{"href":"https:\/\/www.isc.edu.eg\/concordia\/wp-json\/wp\/v2\/pages"}],"about":[{"href":"https:\/\/www.isc.edu.eg\/concordia\/wp-json\/wp\/v2\/types\/page"}],"author":[{"embeddable":true,"href":"https:\/\/www.isc.edu.eg\/concordia\/wp-json\/wp\/v2\/users\/1"}],"replies":[{"embeddable":true,"href":"https:\/\/www.isc.edu.eg\/concordia\/wp-json\/wp\/v2\/comments?post=1326"}],"version-history":[{"count":4,"href":"https:\/\/www.isc.edu.eg\/concordia\/wp-json\/wp\/v2\/pages\/1326\/revisions"}],"predecessor-version":[{"id":1332,"href":"https:\/\/www.isc.edu.eg\/concordia\/wp-json\/wp\/v2\/pages\/1326\/revisions\/1332"}],"wp:attachment":[{"href":"https:\/\/www.isc.edu.eg\/concordia\/wp-json\/wp\/v2\/media?parent=1326"}],"curies":[{"name":"wp","href":"https:\/\/api.w.org\/{rel}","templated":true}]}}