{"id":1333,"date":"2023-04-14T12:29:12","date_gmt":"2023-04-14T12:29:12","guid":{"rendered":"http:\/\/concordia.fuzewebsites.com\/?page_id=1333"},"modified":"2023-04-14T12:36:11","modified_gmt":"2023-04-14T12:36:11","slug":"lelementaire","status":"publish","type":"page","link":"https:\/\/www.isc.edu.eg\/concordia\/lelementaire\/","title":{"rendered":"L&#8217;\u00e9l\u00e9mentaire"},"content":{"rendered":"<section class=\"wpb-content-wrapper\"><div class=\"vc_row wpb_row vc_row-fluid  dark_txt svg_none svg_bottom_none  svg_bottom\"   >\n                  \n\t\t\t\t       \n\t\t\t\t<div class=\"mo-vc-row-ovelay\" style=\"\"><\/div>\n\t\t\t<div class=\"container main-container\"><div class=\"wpb_column vc_column_container vc_col-sm-12 mo-column-69d836bd73f6e\"><div class=\"vc_column-inner\"><div class=\"wpb_wrapper \"  ><div class=\"wpb_wrapper-inner\"><h2 style=\"text-align: left;font-family:Abril Fatface;font-weight:400;font-style:normal\" class=\"vc_custom_heading\">L'\u00e9l\u00e9mentaire<\/h2>\n\t<div class=\"wpb_text_column wpb_content_element \" >\n\t\t<div class=\"wpb_wrapper\">\n\t\t\t<p>L&#8217;\u00e9l\u00e9mentaire est divis\u00e9 en deux cycles : cycle 2 et 3. Il comprend cinq niveaux du CP au CM2.<\/p>\n\n\t\t<\/div>\n\t<\/div>\n<div class=\"vc_row wpb_row vc_inner vc_row-fluid vc_column-gap-0\"   ><div class=\"wpb_column vc_column_container vc_col-sm-6 mo-column-69d836bd745cb\"><div class=\"vc_column-inner\" ><div class=\"wpb_wrapper\">\n\t<div  class=\"wpb_single_image wpb_content_element vc_align_right\">\n\t\t\n\t\t<figure class=\"wpb_wrapper vc_figure\">\n\t\t\t<div class=\"vc_single_image-wrapper   vc_box_border_grey\"><img loading=\"lazy\" decoding=\"async\" width=\"600\" height=\"337\" src=\"https:\/\/www.isc.edu.eg\/concordia\/wp-content\/uploads\/2023\/04\/7a3335_686a6129b7034a229fa647684596fa2amv2.webp\" class=\"vc_single_image-img attachment-large\" alt=\"\" title=\"\" srcset=\"https:\/\/www.isc.edu.eg\/concordia\/wp-content\/uploads\/2023\/04\/7a3335_686a6129b7034a229fa647684596fa2amv2.webp 600w, https:\/\/www.isc.edu.eg\/concordia\/wp-content\/uploads\/2023\/04\/7a3335_686a6129b7034a229fa647684596fa2amv2-300x169.webp 300w\" sizes=\"auto, (max-width: 600px) 100vw, 600px\" \/><\/div>\n\t\t<\/figure>\n\t<\/div>\n<\/div><\/div><\/div><div class=\"wpb_column vc_column_container vc_col-sm-6 mo-column-69d836bd7505e\"><div class=\"vc_column-inner\" ><div class=\"wpb_wrapper\">\n\t<div class=\"wpb_text_column wpb_content_element \" >\n\t\t<div class=\"wpb_wrapper\">\n\t\t\t<h4 class=\"font_7\">Le cycle 2<\/h4>\n<p class=\"font_9\">Ce cycle permet \u00e0 l&#8217;\u00e9l\u00e8ve de continuer \u00e0 acqu\u00e9rir les bases d&#8217;une bonne et solide instruction : la ma\u00eetrise du langage et de la langue fran\u00e7aise, les\u00a0<a href=\"https:\/\/fr.wikipedia.org\/wiki\/Math%C3%A9matiques\" target=\"_blank\" rel=\"noreferrer noopener\">math\u00e9matiques<\/a>, l&#8217;\u00e9ducation civique, l&#8217;\u00e9ducation physique et l&#8217;\u00e9ducation artistique.<\/p>\n<p class=\"font_9\"><span class=\"wixGuard\">\u200b<\/span><\/p>\n<h4 class=\"font_8\">CP<\/h4>\n<p class=\"font_9\">Premi\u00e8re classe de l&#8217;<a href=\"https:\/\/fr.wikipedia.org\/wiki\/%C3%89cole_%C3%A9l%C3%A9mentaire_en_France\" target=\"_blank\" rel=\"noreferrer noopener\">\u00e9cole \u00e9l\u00e9mentaire fran\u00e7aise<\/a>, le cours pr\u00e9paratoire, en abr\u00e9g\u00e9 \u00ab CP \u00bb, est la premi\u00e8re ann\u00e9e d&#8217;instruction obligatoire en France, durant laquelle se poursuit l&#8217;<a href=\"https:\/\/fr.wikipedia.org\/wiki\/Apprentissage_de_la_lecture\" target=\"_blank\" rel=\"noreferrer noopener\">apprentissage de la lecture<\/a>, qui est commenc\u00e9 en\u00a0<a href=\"https:\/\/fr.wikipedia.org\/wiki\/%C3%89cole_maternelle\" target=\"_blank\" rel=\"noreferrer noopener\">maternelle<\/a>.<\/p>\n<p class=\"font_9\">Le CP correspond \u00e0 la premi\u00e8re ann\u00e9e de\u00a0<a href=\"https:\/\/fr.wikipedia.org\/wiki\/%C3%89cole_maternelle_en_France#Cycle_2_ou_cycle_des_apprentissages_fondamentaux\" target=\"_blank\" rel=\"noreferrer noopener\">cycle 2<\/a>\u00a0(cycle des apprentissages fondamentaux).<\/p>\n<p class=\"font_9\">Les enfants y acc\u00e8dent au mois de septembre de l&#8217;ann\u00e9e o\u00f9 ils f\u00eatent leur sixi\u00e8me anniversaire : leur \u00e2ge \u00e0 l&#8217;entr\u00e9e de cette classe est donc obligatoirement compris entre 5 ans \u00bd et 6 ans \u00bd.<\/p>\n<p class=\"font_9\">Les \u00e9valuations nationales ont lieu en d\u00e9but d\u2019ann\u00e9e en CP. Elles ont de cibler les difficult\u00e9s des \u00e9l\u00e8ves et de trouver des solutions pour y rem\u00e9dier.<\/p>\n<p class=\"font_9\">Le CP est suivi par le CE1 (entre 6 ans \u00bd et 7 ans \u00bd) l&#8217;ann\u00e9e suivante.<\/p>\n<p class=\"font_9\">Les \u00e9l\u00e8ves du CP b\u00e9n\u00e9ficient d&#8217;un enseignement multiple et complet.<\/p>\n<p class=\"font_9\">A partir du CP, les \u00e9l\u00e8ves ont des cours de religion<\/p>\n<p class=\"font_9\"><span class=\"wixGuard\">\u200b<\/span><\/p>\n\n\t\t<\/div>\n\t<\/div>\n<\/div><\/div><\/div><\/div><div class=\"vc_row wpb_row vc_inner vc_row-fluid vc_column-gap-0\"   ><div class=\"wpb_column vc_column_container vc_col-sm-6 mo-column-69d836bd7537a\"><div class=\"vc_column-inner\" ><div class=\"wpb_wrapper\">\n\t<div class=\"wpb_text_column wpb_content_element \" >\n\t\t<div class=\"wpb_wrapper\">\n\t\t\t<h4 class=\"font_9\">CE1<\/h4>\n<p class=\"font_9\">Le cours \u00e9l\u00e9mentaire 1re ann\u00e9e, \u00e9galement abr\u00e9g\u00e9 en CE1, est, en\u00a0<a href=\"https:\/\/fr.wikipedia.org\/wiki\/France\" target=\"_blank\" rel=\"noreferrer noopener\">France<\/a>,<\/p>\n<p class=\"font_9\">la deuxi\u00e8me classe de l&#8217;<a href=\"https:\/\/fr.wikipedia.org\/wiki\/%C3%89cole_%C3%A9l%C3%A9mentaire_en_France\" target=\"_blank\" rel=\"noreferrer noopener\">\u00e9cole \u00e9l\u00e9mentaire<\/a>, apr\u00e8s le\u00a0<a href=\"https:\/\/fr.wikipedia.org\/wiki\/Cours_pr%C3%A9paratoire\" target=\"_blank\" rel=\"noreferrer noopener\">cours pr\u00e9paratoire<\/a>\u00a0(CP).<\/p>\n<p class=\"font_9\">C&#8217;est la deuxi\u00e8me ann\u00e9e du\u00a0<a href=\"https:\/\/fr.wikipedia.org\/wiki\/%C3%89cole_maternelle_en_France#Cycle_2_ou_cycle_des_apprentissages_fondamentaux\" target=\"_blank\" rel=\"noreferrer noopener\">cycle 2<\/a>.<\/p>\n<p class=\"font_9\">Il est suivi par le CE2,\u00a0<a href=\"https:\/\/fr.wikipedia.org\/wiki\/Cours_%C3%A9l%C3%A9mentaire_2e_ann%C3%A9e\" target=\"_blank\" rel=\"noreferrer noopener\">Cours \u00e9l\u00e9mentaire 2e ann\u00e9e<\/a>.<\/p>\n<p class=\"font_9\"><span class=\"wixGuard\">\u200b<\/span><\/p>\n<h4 class=\"font_9\">CE2<\/h4>\n<p class=\"font_9\">Le cours \u00e9l\u00e9mentaire 2e ann\u00e9e (CE2), ou troisi\u00e8me ann\u00e9e du\u00a0<a href=\"https:\/\/fr.wikipedia.org\/wiki\/%C3%89cole_%C3%A9l%C3%A9mentaire_en_France#Cycle_2\" target=\"_blank\" rel=\"noreferrer noopener\">Cycle 2<\/a>\u00a0ou cycle<\/p>\n<p class=\"font_9\">des apprentissages dit fondamentaux. En g\u00e9n\u00e9ral, les \u00e9l\u00e8ves ont 8 ou 9 ans<\/p>\n<p class=\"font_9\">en fonction de leur date d&#8217;anniversaire.<\/p>\n<p class=\"font_9\">Suivi par le\u00a0<a href=\"https:\/\/fr.wikipedia.org\/wiki\/Cours_moyen_1re_ann%C3%A9e\" target=\"_blank\" rel=\"noreferrer noopener\">CM1<\/a>, cours moyen 1re ann\u00e9e<\/p>\n\n\t\t<\/div>\n\t<\/div>\n<\/div><\/div><\/div><div class=\"wpb_column vc_column_container vc_col-sm-6 mo-column-69d836bd7550c\"><div class=\"vc_column-inner\" ><div class=\"wpb_wrapper\">\n\t<div  class=\"wpb_single_image wpb_content_element vc_align_left\">\n\t\t\n\t\t<figure class=\"wpb_wrapper vc_figure\">\n\t\t\t<div class=\"vc_single_image-wrapper   vc_box_border_grey\"><img loading=\"lazy\" decoding=\"async\" width=\"600\" height=\"311\" src=\"https:\/\/www.isc.edu.eg\/concordia\/wp-content\/uploads\/2023\/04\/7a3335_1a43dad378ce40aba59a5dcf89123ddbmv2.webp\" class=\"vc_single_image-img attachment-large\" alt=\"\" title=\"\" srcset=\"https:\/\/www.isc.edu.eg\/concordia\/wp-content\/uploads\/2023\/04\/7a3335_1a43dad378ce40aba59a5dcf89123ddbmv2.webp 600w, https:\/\/www.isc.edu.eg\/concordia\/wp-content\/uploads\/2023\/04\/7a3335_1a43dad378ce40aba59a5dcf89123ddbmv2-300x156.webp 300w\" sizes=\"auto, (max-width: 600px) 100vw, 600px\" \/><\/div>\n\t\t<\/figure>\n\t<\/div>\n<\/div><\/div><\/div><\/div><div class=\"vc_row wpb_row vc_inner vc_row-fluid vc_column-gap-0\"   ><div class=\"wpb_column vc_column_container vc_col-sm-6 mo-column-69d836bd75ad6\"><div class=\"vc_column-inner\" ><div class=\"wpb_wrapper\">\n\t<div  class=\"wpb_single_image wpb_content_element vc_align_right\">\n\t\t\n\t\t<figure class=\"wpb_wrapper vc_figure\">\n\t\t\t<div class=\"vc_single_image-wrapper   vc_box_border_grey\"><img loading=\"lazy\" decoding=\"async\" width=\"600\" height=\"412\" src=\"https:\/\/www.isc.edu.eg\/concordia\/wp-content\/uploads\/2023\/04\/7a3335_353de9fa4d95446ab66a7601b8cd3365mv2.webp\" class=\"vc_single_image-img attachment-large\" alt=\"\" title=\"\" srcset=\"https:\/\/www.isc.edu.eg\/concordia\/wp-content\/uploads\/2023\/04\/7a3335_353de9fa4d95446ab66a7601b8cd3365mv2.webp 600w, https:\/\/www.isc.edu.eg\/concordia\/wp-content\/uploads\/2023\/04\/7a3335_353de9fa4d95446ab66a7601b8cd3365mv2-300x206.webp 300w\" sizes=\"auto, (max-width: 600px) 100vw, 600px\" \/><\/div>\n\t\t<\/figure>\n\t<\/div>\n<\/div><\/div><\/div><div class=\"wpb_column vc_column_container vc_col-sm-6 mo-column-69d836bd75fb9\"><div class=\"vc_column-inner\" ><div class=\"wpb_wrapper\">\n\t<div class=\"wpb_text_column wpb_content_element \" >\n\t\t<div class=\"wpb_wrapper\">\n\t\t\t<h3 class=\"font_9\">Le cycle 3<\/h3>\n<h4 class=\"font_9\">CM1<\/h4>\n<p class=\"font_9\">Le cours moyen 1re ann\u00e9e (CM1), ou premi\u00e8re ann\u00e9e du\u00a0<a href=\"https:\/\/fr.wikipedia.org\/wiki\/%C3%89cole_%C3%A9l%C3%A9mentaire_en_France#Cycle_3_ou_cycle_des_approfondissements\" target=\"_blank\" rel=\"noreferrer noopener\">cycle 3<\/a>, est l&#8217;avant-dernier niveau (avant l&#8217;entr\u00e9e au\u00a0<a href=\"https:\/\/fr.wikipedia.org\/wiki\/Coll%C3%A8ge_en_France\" target=\"_blank\" rel=\"noreferrer noopener\">coll\u00e8ge<\/a>) de l&#8217;<a href=\"https:\/\/fr.wikipedia.org\/wiki\/%C3%89cole_primaire\" target=\"_blank\" rel=\"noreferrer noopener\">\u00e9cole primaire<\/a>\u00a0en\u00a0<a href=\"https:\/\/fr.wikipedia.org\/wiki\/France\" target=\"_blank\" rel=\"noreferrer noopener\">France<\/a>. Les enfants y acc\u00e8dent au mois de septembre de l&#8217;ann\u00e9e o\u00f9 ils f\u00eatent leur neuvi\u00e8me anniversaire. L&#8217;\u00e2ge typique des \u00e9l\u00e8ves durant cette ann\u00e9e scolaire est donc de 8 \u00e0 10 ans.<\/p>\n<p class=\"font_9\">Suivi par le\u00a0<a href=\"https:\/\/fr.wikipedia.org\/wiki\/CM2\" target=\"_blank\" rel=\"noreferrer noopener\">CM2<\/a>, cours moyen 2e ann\u00e9e.<\/p>\n<p class=\"font_9\">A partir du CM1, les \u00e9l\u00e8ves ont des cours de mati\u00e8res sociales en arabe.<\/p>\n<p class=\"font_9\"><span class=\"wixGuard\">\u200b<\/span><\/p>\n<h4 class=\"font_9\">CM2<\/h4>\n<p class=\"font_9\">Le cours moyen 2e ann\u00e9e (CM2), ou deuxi\u00e8me ann\u00e9e du\u00a0<a href=\"https:\/\/fr.wikipedia.org\/wiki\/%C3%89cole_%C3%A9l%C3%A9mentaire_en_France#Cycle_3_ou_cycle_des_approfondissements\" target=\"_blank\" rel=\"noreferrer noopener\">cycle 3<\/a>, est la derni\u00e8re ann\u00e9e (avant l&#8217;entr\u00e9e au\u00a0<a href=\"https:\/\/fr.wikipedia.org\/wiki\/Coll%C3%A8ge_en_France\" target=\"_blank\" rel=\"noreferrer noopener\">coll\u00e8ge<\/a>) de l&#8217;<a href=\"https:\/\/fr.wikipedia.org\/wiki\/%C3%89cole_primaire\" target=\"_blank\" rel=\"noreferrer noopener\">\u00e9cole primaire<\/a>\u00a0en\u00a0<a href=\"https:\/\/fr.wikipedia.org\/wiki\/France\" target=\"_blank\" rel=\"noreferrer noopener\">France<\/a>. La derni\u00e8re ann\u00e9e du cycle 3 se poursuit en 6e, au coll\u00e8ge. Les enfants y acc\u00e8dent au mois de septembre de l&#8217;ann\u00e9e o\u00f9 ils f\u00eatent leur dixi\u00e8me anniversaire. L&#8217;\u00e2ge typique des \u00e9l\u00e8ves durant cette ann\u00e9e scolaire est donc de 9 \u00e0 11 ans.<\/p>\n\n\t\t<\/div>\n\t<\/div>\n<\/div><\/div><\/div><\/div><\/div><\/div><\/div><\/div><\/div><\/div>\n<\/section>","protected":false},"excerpt":{"rendered":"L'\u00e9l\u00e9mentaire L'\u00e9l\u00e9mentaire est divis\u00e9 en deux cycles : cycle 2 et 3. Il comprend cinq niveaux du CP au CM2. Le cycle 2 Ce cycle permet \u00e0 l'\u00e9l\u00e8ve de continuer \u00e0 acqu\u00e9rir les bases d'une bonne et solide instruction : la ma\u00eetrise du langage et de la langue fran\u00e7aise, les\u00a0math\u00e9matiques, l'\u00e9ducation civique, l'\u00e9ducation physique et [...]","protected":false},"author":1,"featured_media":0,"parent":0,"menu_order":0,"comment_status":"closed","ping_status":"closed","template":"","meta":{"ngg_post_thumbnail":0,"_mc_calendar":[],"footnotes":""},"class_list":["post-1333","page","type-page","status-publish","hentry"],"_links":{"self":[{"href":"https:\/\/www.isc.edu.eg\/concordia\/wp-json\/wp\/v2\/pages\/1333","targetHints":{"allow":["GET"]}}],"collection":[{"href":"https:\/\/www.isc.edu.eg\/concordia\/wp-json\/wp\/v2\/pages"}],"about":[{"href":"https:\/\/www.isc.edu.eg\/concordia\/wp-json\/wp\/v2\/types\/page"}],"author":[{"embeddable":true,"href":"https:\/\/www.isc.edu.eg\/concordia\/wp-json\/wp\/v2\/users\/1"}],"replies":[{"embeddable":true,"href":"https:\/\/www.isc.edu.eg\/concordia\/wp-json\/wp\/v2\/comments?post=1333"}],"version-history":[{"count":5,"href":"https:\/\/www.isc.edu.eg\/concordia\/wp-json\/wp\/v2\/pages\/1333\/revisions"}],"predecessor-version":[{"id":1342,"href":"https:\/\/www.isc.edu.eg\/concordia\/wp-json\/wp\/v2\/pages\/1333\/revisions\/1342"}],"wp:attachment":[{"href":"https:\/\/www.isc.edu.eg\/concordia\/wp-json\/wp\/v2\/media?parent=1333"}],"curies":[{"name":"wp","href":"https:\/\/api.w.org\/{rel}","templated":true}]}}