{"id":1350,"date":"2023-04-14T12:40:27","date_gmt":"2023-04-14T12:40:27","guid":{"rendered":"http:\/\/concordia.fuzewebsites.com\/?page_id=1350"},"modified":"2023-04-14T12:49:39","modified_gmt":"2023-04-14T12:49:39","slug":"anglais","status":"publish","type":"page","link":"https:\/\/www.isc.edu.eg\/concordia\/anglais\/","title":{"rendered":"Anglais"},"content":{"rendered":"<section class=\"wpb-content-wrapper\"><div class=\"vc_row wpb_row vc_row-fluid  dark_txt svg_none svg_bottom_none  svg_bottom\"   >\n                  \n\t\t\t\t       \n\t\t\t\t<div class=\"mo-vc-row-ovelay\" style=\"\"><\/div>\n\t\t\t<div class=\"container main-container\"><div class=\"wpb_column vc_column_container vc_col-sm-12 mo-column-69d8d6a4e9553\"><div class=\"vc_column-inner\"><div class=\"wpb_wrapper \"  ><div class=\"wpb_wrapper-inner\"><h2 style=\"text-align: left;font-family:Abril Fatface;font-weight:400;font-style:normal\" class=\"vc_custom_heading\">English<\/h2>\n\t<div class=\"wpb_text_column wpb_content_element \" >\n\t\t<div class=\"wpb_wrapper\">\n\t\t\t<p class=\"font_8\">\u00a0 \u00a0 In Concordia, the teaching and learning programme of English follows the basis of the Common European Framework (Reference for Languages). The framework describes comprehensively what language learners have to learn to use a language for communication and what knowledge and skills they have to develop, to become proficient in the additional language.<\/p>\n<p class=\"font_8\">Our learning curriculum shows the learning journey children should take from the stage at which they are beginners in Language II to a more advanced proficiency later in their schooling. The aim of our Learning programme defines language acquisition in terms of covering the following skills:<\/p>\n<ul class=\"font_8\">\n<li>\n<p class=\"font_8\">Understanding (listening)<\/p>\n<\/li>\n<li>\n<p class=\"font_8\">Understanding (reading)<\/p>\n<\/li>\n<li>\n<p class=\"font_8\">Speaking (spoken production)<\/p>\n<\/li>\n<li>\n<p class=\"font_8\">Speaking (spoken interaction)<\/p>\n<\/li>\n<li>\n<p class=\"font_8\">Writing<\/p>\n<\/li>\n<\/ul>\n<p class=\"font_8\">The journey is divided into two main parts: primary (l&#8217;\u00e9cole primaire) and secondary (l&#8217;\u00e9cole secondaire) school. However, within this traditional split, the national curriculum is further divided across the school into 5 cycles:<\/p>\n<ul class=\"font_8\">\n<li>\n<p class=\"font_8\">Cycle 2, which runs from the cours pr\u00e9paratoire until CE2.<\/p>\n<\/li>\n<li>\n<p class=\"font_8\">Cycle 3, which covers the last 2 years of the \u00e9cole \u00e9l\u00e9mentaire (CM1 and CM2) and the first year of secondary school (6\u00e8me).<\/p>\n<\/li>\n<li>\n<p class=\"font_8\">Cycle 4, which covers the last three years of compulsory education (5\u00e8me, 4\u00e8me and 3\u00e8me).<\/p>\n<\/li>\n<li>\n<p class=\"font_8\">Cycle terminal, which covers the three years of upper secondary school (lyc\u00e9e).<\/p>\n<\/li>\n<\/ul>\n<p class=\"font_8\">And now Concordia is offering English Literature as an elective subject for Baccalaure&#8217;at Professionnel<\/p>\n<p class=\"font_8\">Our highly qualified teachers follow diverse strategies keeping in concern the latest methods, procedures and techniques which will provide the most effective means of achieving the objectives set for individuals and groups of learners.<\/p>\n<p class=\"font_8\">We keep in mind that the content taught should be fundamentally challenging and relevant so that pupils can be engaged. We also consider that any activity should introduce, practice or reinforce new learning, recall previous learning or extend pupils&#8217; competence.<\/p>\n<p class=\"font_8\">Not only do we use reputable international schemes that include the latest language work aspects, but we also use schemes published for first language learners to be able to provide our students with the needed levels of language acquisition that will help them join respectable international universities around the world and excelling in any field they desire to study.<\/p>\n<p class=\"font_8\">As well as starting to teach lessons using the latest Virtual Meet Programme that is implemented in Concordia the same minute implemented in Europe and USA.<\/p>\n<p class=\"font_8\">Wishing the best to our students.<\/p>\n<p class=\"font_8\">Head of the English Department<\/p>\n<p class=\"font_8\">Mrs. Amira Mazhar<\/p>\n\n\t\t<\/div>\n\t<\/div>\n<\/div><\/div><\/div><\/div><\/div><\/div>\n<\/section>","protected":false},"excerpt":{"rendered":"English \u00a0 \u00a0 In Concordia, the teaching and learning programme of English follows the basis of the Common European Framework (Reference for Languages). The framework describes comprehensively what language learners have to learn to use a language for communication and what knowledge and skills they have to develop, to become proficient in the additional language. [...]","protected":false},"author":1,"featured_media":0,"parent":0,"menu_order":0,"comment_status":"closed","ping_status":"closed","template":"","meta":{"ngg_post_thumbnail":0,"_mc_calendar":[],"footnotes":""},"class_list":["post-1350","page","type-page","status-publish","hentry"],"_links":{"self":[{"href":"https:\/\/www.isc.edu.eg\/concordia\/wp-json\/wp\/v2\/pages\/1350","targetHints":{"allow":["GET"]}}],"collection":[{"href":"https:\/\/www.isc.edu.eg\/concordia\/wp-json\/wp\/v2\/pages"}],"about":[{"href":"https:\/\/www.isc.edu.eg\/concordia\/wp-json\/wp\/v2\/types\/page"}],"author":[{"embeddable":true,"href":"https:\/\/www.isc.edu.eg\/concordia\/wp-json\/wp\/v2\/users\/1"}],"replies":[{"embeddable":true,"href":"https:\/\/www.isc.edu.eg\/concordia\/wp-json\/wp\/v2\/comments?post=1350"}],"version-history":[{"count":2,"href":"https:\/\/www.isc.edu.eg\/concordia\/wp-json\/wp\/v2\/pages\/1350\/revisions"}],"predecessor-version":[{"id":1352,"href":"https:\/\/www.isc.edu.eg\/concordia\/wp-json\/wp\/v2\/pages\/1350\/revisions\/1352"}],"wp:attachment":[{"href":"https:\/\/www.isc.edu.eg\/concordia\/wp-json\/wp\/v2\/media?parent=1350"}],"curies":[{"name":"wp","href":"https:\/\/api.w.org\/{rel}","templated":true}]}}