{"id":1354,"date":"2023-04-14T12:50:20","date_gmt":"2023-04-14T12:50:20","guid":{"rendered":"http:\/\/concordia.fuzewebsites.com\/?page_id=1354"},"modified":"2023-04-14T12:54:17","modified_gmt":"2023-04-14T12:54:17","slug":"b-c-d","status":"publish","type":"page","link":"https:\/\/www.isc.edu.eg\/concordia\/b-c-d\/","title":{"rendered":"B.C.D"},"content":{"rendered":"<section class=\"wpb-content-wrapper\"><div class=\"vc_row wpb_row vc_row-fluid  dark_txt svg_none svg_bottom_none  svg_bottom\"   >\n                  \n\t\t\t\t       \n\t\t\t\t<div class=\"mo-vc-row-ovelay\" style=\"\"><\/div>\n\t\t\t<div class=\"container main-container\"><div class=\"wpb_column vc_column_container vc_col-sm-12 mo-column-69d836f6a293b\"><div class=\"vc_column-inner\"><div class=\"wpb_wrapper \"  ><div class=\"wpb_wrapper-inner\"><h2 style=\"text-align: center;font-family:Abril Fatface;font-weight:400;font-style:normal\" class=\"vc_custom_heading\">B.C.D (biblioth\u00e8que centre documentaire)<\/h2>\n\t<div class=\"wpb_text_column wpb_content_element \" >\n\t\t<div class=\"wpb_wrapper\">\n\t\t\t<div id=\"bgLayers_comp-kyr5kvs4\" class=\"MW5IWV\" data-hook=\"bgLayers\">\n<p id=\"bgMedia_comp-kyr5kvs4\" class=\"VgO9Yg\">\n<\/div>\n<div class=\"\" data-mesh-id=\"comp-kyr5kvs4inlineContent\" data-testid=\"inline-content\">\n<div data-mesh-id=\"comp-kyr5kvs4inlineContent-gridContainer\" data-testid=\"mesh-container-content\">\n<p class=\"font_6\">B.C.D\u00a0 (biblioth\u00e8que centre documentaire)<\/p>\n<div id=\"comp-kyr5oxjd\" class=\"KcpHeO tz5f0K comp-kyr5oxjd wixui-rich-text\" data-testid=\"richTextElement\">\n<p class=\"font_0\">La B.C.D est un lieu important de l&#8217;\u00e9cole o\u00f9 tous les enfants peuvent acc\u00e9der. Elle permet de placer les \u00e9l\u00e8ves en situation de travail, de recherche et de fr\u00e9quentation d&#8217;un fonds de livres. De nombreux projets y sont men\u00e9s par les responsables de B.C.D.<\/p>\n<p>L&#8217;\u00e9cole Concordia poss\u00e8de deux B.C.D, une pour la maternelle et une pour l&#8217;\u00e9l\u00e9mentaire.<br \/>\nLes deux B.C.D sont \u00e9quip\u00e9es d&#8217;outils num\u00e9riques permettant de mettre en lien diff\u00e9rents formats.<\/p>\n<\/div>\n<\/div>\n<\/div>\n\n\t\t<\/div>\n\t<\/div>\n<div class=\"wpb_images_carousel wpb_content_element vc_clearfix\"><div class=\"wpb_wrapper\"><div id=\"vc_images-carousel-1-1775777526\" data-ride=\"vc_carousel\" data-wrap=\"true\" style=\"width: 1024px;\" data-interval=\"5000\" data-auto-height=\"yes\" data-mode=\"horizontal\" data-partial=\"false\" data-per-view=\"2\" data-hide-on-end=\"false\" class=\"vc_slide vc_images_carousel\"><div class=\"vc_carousel-inner\"><div class=\"vc_carousel-slideline\"><div class=\"vc_carousel-slideline-inner\"><div class=\"vc_item\"><div class=\"vc_inner\"><img loading=\"lazy\" decoding=\"async\" width=\"506\" height=\"314\" src=\"https:\/\/www.isc.edu.eg\/concordia\/wp-content\/uploads\/2023\/04\/7a3335_0a7af8f4cad74400bc6cac3104782790mv2.jpeg\" class=\"attachment-large\" alt=\"\" title=\"\" srcset=\"https:\/\/www.isc.edu.eg\/concordia\/wp-content\/uploads\/2023\/04\/7a3335_0a7af8f4cad74400bc6cac3104782790mv2.jpeg 506w, https:\/\/www.isc.edu.eg\/concordia\/wp-content\/uploads\/2023\/04\/7a3335_0a7af8f4cad74400bc6cac3104782790mv2-300x186.jpeg 300w\" sizes=\"auto, (max-width: 506px) 100vw, 506px\" \/><\/div><\/div><div class=\"vc_item\"><div class=\"vc_inner\"><img loading=\"lazy\" decoding=\"async\" width=\"506\" height=\"314\" src=\"https:\/\/www.isc.edu.eg\/concordia\/wp-content\/uploads\/2023\/04\/7a3335_f557abac6f294dac84a7c6a0b93ca4demv2.jpeg\" class=\"attachment-large\" alt=\"\" title=\"\" srcset=\"https:\/\/www.isc.edu.eg\/concordia\/wp-content\/uploads\/2023\/04\/7a3335_f557abac6f294dac84a7c6a0b93ca4demv2.jpeg 506w, https:\/\/www.isc.edu.eg\/concordia\/wp-content\/uploads\/2023\/04\/7a3335_f557abac6f294dac84a7c6a0b93ca4demv2-300x186.jpeg 300w\" sizes=\"auto, (max-width: 506px) 100vw, 506px\" \/><\/div><\/div><div class=\"vc_item\"><div class=\"vc_inner\"><img loading=\"lazy\" decoding=\"async\" width=\"506\" height=\"314\" src=\"https:\/\/www.isc.edu.eg\/concordia\/wp-content\/uploads\/2023\/04\/7a3335_d10387c1e07f4f30b21ca23562f9422dmv2.jpeg\" class=\"attachment-large\" alt=\"\" title=\"\" srcset=\"https:\/\/www.isc.edu.eg\/concordia\/wp-content\/uploads\/2023\/04\/7a3335_d10387c1e07f4f30b21ca23562f9422dmv2.jpeg 506w, https:\/\/www.isc.edu.eg\/concordia\/wp-content\/uploads\/2023\/04\/7a3335_d10387c1e07f4f30b21ca23562f9422dmv2-300x186.jpeg 300w\" sizes=\"auto, (max-width: 506px) 100vw, 506px\" \/><\/div><\/div><div class=\"vc_item\"><div class=\"vc_inner\"><img loading=\"lazy\" decoding=\"async\" width=\"506\" height=\"314\" src=\"https:\/\/www.isc.edu.eg\/concordia\/wp-content\/uploads\/2023\/04\/7a3335_1c2778a7f0f24e25ba490d14bc246a9emv2.jpeg\" class=\"attachment-large\" alt=\"\" title=\"\" srcset=\"https:\/\/www.isc.edu.eg\/concordia\/wp-content\/uploads\/2023\/04\/7a3335_1c2778a7f0f24e25ba490d14bc246a9emv2.jpeg 506w, https:\/\/www.isc.edu.eg\/concordia\/wp-content\/uploads\/2023\/04\/7a3335_1c2778a7f0f24e25ba490d14bc246a9emv2-300x186.jpeg 300w\" sizes=\"auto, (max-width: 506px) 100vw, 506px\" \/><\/div><\/div><div class=\"vc_item\"><div class=\"vc_inner\"><img loading=\"lazy\" decoding=\"async\" width=\"506\" height=\"314\" src=\"https:\/\/www.isc.edu.eg\/concordia\/wp-content\/uploads\/2023\/04\/7a3335_9f7723e4f0ed4ff0a0af439949364cefmv2.jpeg\" class=\"attachment-large\" alt=\"\" title=\"\" srcset=\"https:\/\/www.isc.edu.eg\/concordia\/wp-content\/uploads\/2023\/04\/7a3335_9f7723e4f0ed4ff0a0af439949364cefmv2.jpeg 506w, https:\/\/www.isc.edu.eg\/concordia\/wp-content\/uploads\/2023\/04\/7a3335_9f7723e4f0ed4ff0a0af439949364cefmv2-300x186.jpeg 300w\" sizes=\"auto, (max-width: 506px) 100vw, 506px\" \/><\/div><\/div><\/div><\/div><\/div><a class=\"vc_left vc_carousel-control\" href=\"#vc_images-carousel-1-1775777526\" data-slide=\"prev\"><span class=\"icon-prev\"><\/span><\/a><a class=\"vc_right vc_carousel-control\" href=\"#vc_images-carousel-1-1775777526\" data-slide=\"next\"><span class=\"icon-next\"><\/span><\/a><\/div><\/div><\/div><\/div><\/div><\/div><\/div><\/div><\/div>\n<\/section>","protected":false},"excerpt":{"rendered":"B.C.D (biblioth\u00e8que centre documentaire) B.C.D\u00a0 (biblioth\u00e8que centre documentaire) La B.C.D est un lieu important de l'\u00e9cole o\u00f9 tous les enfants peuvent acc\u00e9der. Elle permet de placer les \u00e9l\u00e8ves en situation de travail, de recherche et de fr\u00e9quentation d'un fonds de livres. De nombreux projets y sont men\u00e9s par les responsables de B.C.D. L'\u00e9cole Concordia poss\u00e8de [...]","protected":false},"author":1,"featured_media":0,"parent":0,"menu_order":0,"comment_status":"closed","ping_status":"closed","template":"","meta":{"ngg_post_thumbnail":0,"_mc_calendar":[],"footnotes":""},"class_list":["post-1354","page","type-page","status-publish","hentry"],"_links":{"self":[{"href":"https:\/\/www.isc.edu.eg\/concordia\/wp-json\/wp\/v2\/pages\/1354","targetHints":{"allow":["GET"]}}],"collection":[{"href":"https:\/\/www.isc.edu.eg\/concordia\/wp-json\/wp\/v2\/pages"}],"about":[{"href":"https:\/\/www.isc.edu.eg\/concordia\/wp-json\/wp\/v2\/types\/page"}],"author":[{"embeddable":true,"href":"https:\/\/www.isc.edu.eg\/concordia\/wp-json\/wp\/v2\/users\/1"}],"replies":[{"embeddable":true,"href":"https:\/\/www.isc.edu.eg\/concordia\/wp-json\/wp\/v2\/comments?post=1354"}],"version-history":[{"count":4,"href":"https:\/\/www.isc.edu.eg\/concordia\/wp-json\/wp\/v2\/pages\/1354\/revisions"}],"predecessor-version":[{"id":1363,"href":"https:\/\/www.isc.edu.eg\/concordia\/wp-json\/wp\/v2\/pages\/1354\/revisions\/1363"}],"wp:attachment":[{"href":"https:\/\/www.isc.edu.eg\/concordia\/wp-json\/wp\/v2\/media?parent=1354"}],"curies":[{"name":"wp","href":"https:\/\/api.w.org\/{rel}","templated":true}]}}