{"id":1386,"date":"2023-06-08T12:21:11","date_gmt":"2023-06-08T12:21:11","guid":{"rendered":"http:\/\/concordia.fuzewebsites.com\/?page_id=1386"},"modified":"2023-06-08T12:23:34","modified_gmt":"2023-06-08T12:23:34","slug":"1386-2","status":"publish","type":"page","link":"https:\/\/www.isc.edu.eg\/concordia\/1386-2\/","title":{"rendered":"WebRadio Concordia"},"content":{"rendered":"<section class=\"wpb-content-wrapper\"><div class=\"vc_row wpb_row vc_row-fluid  dark_txt svg_none svg_bottom_none  svg_bottom\"   >\n                  \n\t\t\t\t       \n\t\t\t\t<div class=\"mo-vc-row-ovelay\" style=\"\"><\/div>\n\t\t\t<div class=\"container main-container\"><div class=\"wpb_column vc_column_container vc_col-sm-6 mo-column-69d849871fd44\"><div class=\"vc_column-inner\"><div class=\"wpb_wrapper \"  ><div class=\"wpb_wrapper-inner\">\n\t<div  class=\"wpb_single_image wpb_content_element vc_align_left\">\n\t\t\n\t\t<figure class=\"wpb_wrapper vc_figure\">\n\t\t\t<div class=\"vc_single_image-wrapper   vc_box_border_grey\"><img loading=\"lazy\" decoding=\"async\" width=\"559\" height=\"559\" src=\"https:\/\/www.isc.edu.eg\/concordia\/wp-content\/uploads\/2023\/06\/web-radio-logo-1.webp\" class=\"vc_single_image-img attachment-large\" alt=\"\" title=\"web radio logo (1)\" srcset=\"https:\/\/www.isc.edu.eg\/concordia\/wp-content\/uploads\/2023\/06\/web-radio-logo-1.webp 559w, https:\/\/www.isc.edu.eg\/concordia\/wp-content\/uploads\/2023\/06\/web-radio-logo-1-300x300.webp 300w, https:\/\/www.isc.edu.eg\/concordia\/wp-content\/uploads\/2023\/06\/web-radio-logo-1-150x150.webp 150w, https:\/\/www.isc.edu.eg\/concordia\/wp-content\/uploads\/2023\/06\/web-radio-logo-1-100x100.webp 100w\" sizes=\"auto, (max-width: 559px) 100vw, 559px\" \/><\/div>\n\t\t<\/figure>\n\t<\/div>\n<\/div><\/div><\/div><\/div><div class=\"wpb_column vc_column_container vc_col-sm-6 mo-column-69d8498720317\"><div class=\"vc_column-inner\"><div class=\"wpb_wrapper \"  ><div class=\"wpb_wrapper-inner\">\n\t<div class=\"wpb_text_column wpb_content_element \" >\n\t\t<div class=\"wpb_wrapper\">\n\t\t\t<p>Concordia Web-radio est au c\u0153ur de la vie de notre lyc\u00e9e. Cette activit\u00e9 est devenue le lieu d\u2019expression privil\u00e9gi\u00e9 pour nos \u00e9l\u00e8ves. Soutenu par la direction du lyc\u00e9e, en la personne de Mr Maleyran, Proviseur du lyc\u00e9e Concordia. Cette activit\u00e9 est un investissement suppl\u00e9mentaire de la part des \u00e9l\u00e8ves sous la forme d\u2019une activit\u00e9 extrascolaire. Mme Sahar est responsable de ce type d\u2019activit\u00e9. Notre projet Web-radio a pour but principal de faire acqu\u00e9rir \u00e0 nos \u00e9l\u00e8ves des comp\u00e9tences oratoires. Ils peuvent ainsi d\u00e9velopper leur confiance en eux et une autonomie. L\u2019\u00e9laboration des \u00e9missions n\u00e9cessite des pr\u00e9parations de scripts, des pr\u00e9sentations de programmes et des formations li\u00e9es \u00e0 l\u2019aspect technique notamment le montage d\u2019une \u00e9mission radio. Nos \u00e9l\u00e8ves ont la chance d\u2019\u00eatre dans une immersion qui ressemble \u00e0 la r\u00e9alit\u00e9 avec un espace radio et du mat\u00e9riel sp\u00e9cifique. L\u2019inauguration de ce projet a eu lieu le 6 d\u00e9cembre 2021 et le premier \u00e9pisode de Concordia a \u00e9t\u00e9 publi\u00e9 le 1er f\u00e9vrier sur les r\u00e9seaux sociaux de notre lyc\u00e9e. Chaque \u00e9pisode dure de 10 \u00e0 15 minutes et propose des programmes vari\u00e9s : entretiens individuels, programme culturel, actualit\u00e9, sport et musique.<\/p>\n\n\t\t<\/div>\n\t<\/div>\n<\/div><\/div><\/div><\/div><\/div><\/div>\n<\/section>","protected":false},"excerpt":{"rendered":"Concordia Web-radio est au c\u0153ur de la vie de notre lyc\u00e9e. Cette activit\u00e9 est devenue le lieu d\u2019expression privil\u00e9gi\u00e9 pour nos \u00e9l\u00e8ves. Soutenu par la direction du lyc\u00e9e, en la personne de Mr Maleyran, Proviseur du lyc\u00e9e Concordia. Cette activit\u00e9 est un investissement suppl\u00e9mentaire de la part des \u00e9l\u00e8ves sous la forme d\u2019une activit\u00e9 extrascolaire. [...]","protected":false},"author":1,"featured_media":0,"parent":0,"menu_order":0,"comment_status":"closed","ping_status":"closed","template":"","meta":{"ngg_post_thumbnail":0,"_mc_calendar":[],"footnotes":""},"class_list":["post-1386","page","type-page","status-publish","hentry"],"_links":{"self":[{"href":"https:\/\/www.isc.edu.eg\/concordia\/wp-json\/wp\/v2\/pages\/1386","targetHints":{"allow":["GET"]}}],"collection":[{"href":"https:\/\/www.isc.edu.eg\/concordia\/wp-json\/wp\/v2\/pages"}],"about":[{"href":"https:\/\/www.isc.edu.eg\/concordia\/wp-json\/wp\/v2\/types\/page"}],"author":[{"embeddable":true,"href":"https:\/\/www.isc.edu.eg\/concordia\/wp-json\/wp\/v2\/users\/1"}],"replies":[{"embeddable":true,"href":"https:\/\/www.isc.edu.eg\/concordia\/wp-json\/wp\/v2\/comments?post=1386"}],"version-history":[{"count":4,"href":"https:\/\/www.isc.edu.eg\/concordia\/wp-json\/wp\/v2\/pages\/1386\/revisions"}],"predecessor-version":[{"id":1392,"href":"https:\/\/www.isc.edu.eg\/concordia\/wp-json\/wp\/v2\/pages\/1386\/revisions\/1392"}],"wp:attachment":[{"href":"https:\/\/www.isc.edu.eg\/concordia\/wp-json\/wp\/v2\/media?parent=1386"}],"curies":[{"name":"wp","href":"https:\/\/api.w.org\/{rel}","templated":true}]}}