{"id":1393,"date":"2023-06-08T12:24:28","date_gmt":"2023-06-08T12:24:28","guid":{"rendered":"http:\/\/concordia.fuzewebsites.com\/?page_id=1393"},"modified":"2023-06-12T11:03:28","modified_gmt":"2023-06-12T11:03:28","slug":"concordia-news","status":"publish","type":"page","link":"https:\/\/www.isc.edu.eg\/concordia\/concordia-news\/","title":{"rendered":"Concordia News"},"content":{"rendered":"<section class=\"wpb-content-wrapper\"><div data-vc-parallax=\"1.5\" data-vc-parallax-image=\"https:\/\/www.isc.edu.eg\/concordia\/wp-content\/uploads\/2023\/06\/d1a054_67f562a64e9e4ae6a462da2989506257mv2.webp\" class=\"vc_row wpb_row vc_row-fluid vc_row-has-fill vc_general vc_parallax vc_parallax-content-moving  dark_txt svg_none svg_bottom_none  svg_bottom\"   >\n                  \n\t\t\t\t       \n\t\t\t\t<div class=\"mo-vc-row-ovelay\" style=\"\"><\/div>\n\t\t\t<div class=\"container main-container\"><div class=\"wpb_column vc_column_container vc_col-sm-12 mo-column-69d92012c0e05\"><div class=\"vc_column-inner\"><div class=\"wpb_wrapper vc_custom_1686227491055\"  ><div class=\"wpb_wrapper-inner\"><h2 style=\"font-size: 50px;color: #ffffff;text-align: center;font-family:Abril Fatface;font-weight:400;font-style:normal\" class=\"vc_custom_heading vc_custom_1686227509926\">Concordia News<\/h2>     <div class=\"text-center \">\n       <a class=\"button btn-solid btn-txt-circle light hr_light bg_dark bg_hr_primary outline_grey outline_hr_grey large radius0 linear\"  href=\"https:\/\/drive.google.com\/file\/d\/1gbzfI2sfBUgvaXAczU47Ddm8VcZBQzn8\/view\" target=\"_blank\">\n                    <span class=\"button-text\">T\u00e9l\u00e9chargez la version PDF du journal de l&#039;\u00e9cole<\/span>\n                  <\/a> \n\t <\/div>\n    <div class=\"vc_row wpb_row vc_inner vc_row-fluid vc_column-gap-0\"   ><div class=\"wpb_column vc_column_container vc_col-sm-6 mo-column-69d92012c18da\"><div class=\"vc_column-inner\" ><div class=\"wpb_wrapper\">\n\t<div class=\"wpb_raw_code wpb_content_element wpb_raw_html\" >\n\t\t<div class=\"wpb_wrapper\">\n\t\t\t<div class=\"_df_book df-lite\" id=\"df_1413\"  data-title=\"news1\" _slug=\"news1\" wpoptions=\"true\" thumbtype=\"bg\" ><p class=\"df-raw-loading\">Please wait while flipbook is loading. For more related info, FAQs and issues please refer to <a href=\"https:\/\/wordpress.org\/plugins\/3d-flipbook-dflip-lite\/#installation\">DearFlip WordPress Flipbook Plugin Help<\/a> documentation.<\/p><\/div><script class=\"df-shortcode-script\" type=\"application\/javascript\">window.option_df_1413 = {\"outline\":[],\"forceFit\":\"true\",\"autoEnableOutline\":\"false\",\"autoEnableThumbnail\":\"false\",\"overwritePDFOutline\":\"false\",\"enableDownload\":\"true\",\"direction\":\"1\",\"pageSize\":\"0\",\"source\":\"http:\\\/\\\/isc.edu.eg\\\/concordia\\\/wp-content\\\/uploads\\\/2023\\\/06\\\/CONCORDIA-NEWS_5-1.pdf\",\"wpOptions\":\"true\"}; if(window.DFLIP && window.DFLIP.parseBooks){window.DFLIP.parseBooks();}<\/script>\n\t\t<\/div>\n\t<\/div>\n<\/div><\/div><\/div><div class=\"wpb_column vc_column_container vc_col-sm-6 mo-column-69d92012c221c\"><div class=\"vc_column-inner\" ><div class=\"wpb_wrapper\">\n\t<div class=\"wpb_raw_code wpb_content_element wpb_raw_html\" >\n\t\t<div class=\"wpb_wrapper\">\n\t\t\t<div class=\"_df_book df-lite\" id=\"df_1416\"  data-title=\"news2\" _slug=\"news2\" wpoptions=\"true\" thumbtype=\"bg\" ><p class=\"df-raw-loading\">Please wait while flipbook is loading. For more related info, FAQs and issues please refer to <a href=\"https:\/\/wordpress.org\/plugins\/3d-flipbook-dflip-lite\/#installation\">DearFlip WordPress Flipbook Plugin Help<\/a> documentation.<\/p><\/div><script class=\"df-shortcode-script\" type=\"application\/javascript\">window.option_df_1416 = {\"outline\":[],\"forceFit\":\"true\",\"autoEnableOutline\":\"false\",\"autoEnableThumbnail\":\"false\",\"overwritePDFOutline\":\"false\",\"direction\":\"1\",\"pageSize\":\"0\",\"source\":\"http:\\\/\\\/isc.edu.eg\\\/concordia\\\/wp-content\\\/uploads\\\/2023\\\/06\\\/Concordia-News_6-1-1.pdf\",\"wpOptions\":\"true\"}; if(window.DFLIP && window.DFLIP.parseBooks){window.DFLIP.parseBooks();}<\/script>\n\t\t<\/div>\n\t<\/div>\n<\/div><\/div><\/div><\/div><\/div><\/div><\/div><\/div><\/div><\/div>\n<\/section>","protected":false},"excerpt":{"rendered":"Concordia News T\u00e9l\u00e9chargez la version PDF du journal de l&#039;\u00e9cole Please wait while flipbook is loading. For more related info, FAQs and issues please refer to DearFlip WordPress Flipbook Plugin Help documentation. Please wait while flipbook is loading. For more related info, FAQs and issues please refer to DearFlip WordPress Flipbook Plugin Help documentation.","protected":false},"author":1,"featured_media":0,"parent":0,"menu_order":0,"comment_status":"closed","ping_status":"closed","template":"","meta":{"ngg_post_thumbnail":0,"_mc_calendar":[],"footnotes":""},"class_list":["post-1393","page","type-page","status-publish","hentry"],"_links":{"self":[{"href":"https:\/\/www.isc.edu.eg\/concordia\/wp-json\/wp\/v2\/pages\/1393","targetHints":{"allow":["GET"]}}],"collection":[{"href":"https:\/\/www.isc.edu.eg\/concordia\/wp-json\/wp\/v2\/pages"}],"about":[{"href":"https:\/\/www.isc.edu.eg\/concordia\/wp-json\/wp\/v2\/types\/page"}],"author":[{"embeddable":true,"href":"https:\/\/www.isc.edu.eg\/concordia\/wp-json\/wp\/v2\/users\/1"}],"replies":[{"embeddable":true,"href":"https:\/\/www.isc.edu.eg\/concordia\/wp-json\/wp\/v2\/comments?post=1393"}],"version-history":[{"count":12,"href":"https:\/\/www.isc.edu.eg\/concordia\/wp-json\/wp\/v2\/pages\/1393\/revisions"}],"predecessor-version":[{"id":1423,"href":"https:\/\/www.isc.edu.eg\/concordia\/wp-json\/wp\/v2\/pages\/1393\/revisions\/1423"}],"wp:attachment":[{"href":"https:\/\/www.isc.edu.eg\/concordia\/wp-json\/wp\/v2\/media?parent=1393"}],"curies":[{"name":"wp","href":"https:\/\/api.w.org\/{rel}","templated":true}]}}