{"id":1998,"date":"2023-06-15T10:42:42","date_gmt":"2023-06-15T10:42:42","guid":{"rendered":"http:\/\/concordia.fuzewebsites.com\/?page_id=1998"},"modified":"2023-06-15T10:48:26","modified_gmt":"2023-06-15T10:48:26","slug":"projets-scolaires","status":"publish","type":"page","link":"https:\/\/www.isc.edu.eg\/concordia\/projets-scolaires\/","title":{"rendered":"Projets scolaires"},"content":{"rendered":"<section class=\"wpb-content-wrapper\"><div class=\"vc_row wpb_row vc_row-fluid  dark_txt svg_none svg_bottom_none  svg_bottom\"   >\n                  \n\t\t\t\t       \n\t\t\t\t<div class=\"mo-vc-row-ovelay\" style=\"\"><\/div>\n\t\t\t<div class=\"container main-container\"><div class=\"wpb_column vc_column_container vc_col-sm-12 mo-column-69d836749ed52\"><div class=\"vc_column-inner\"><div class=\"wpb_wrapper \"  ><div class=\"wpb_wrapper-inner\"><h2 style=\"text-align: center;font-family:Abril Fatface;font-weight:400;font-style:normal\" class=\"vc_custom_heading\">Concordia, une \u00e9cole innovante<\/h2><\/div><\/div><\/div><\/div><\/div><\/div><div class=\"vc_row wpb_row vc_row-fluid  dark_txt svg_none svg_bottom_none  svg_bottom\"   >\n                  \n\t\t\t\t       \n\t\t\t\t<div class=\"mo-vc-row-ovelay\" style=\"\"><\/div>\n\t\t\t<div class=\"container main-container\"><div class=\"wpb_column vc_column_container vc_col-sm-8 mo-column-69d836749f6b7\"><div class=\"vc_column-inner\"><div class=\"wpb_wrapper \"  ><div class=\"wpb_wrapper-inner\">\n\t<div class=\"wpb_text_column wpb_content_element \" >\n\t\t<div class=\"wpb_wrapper\">\n\t\t\t<p><span style=\"font-weight: 400;\">C\u2019est par un projet novateur que nos \u00e9l\u00e8ves se sensibilisent au monde professionnel. Startlab est une activit\u00e9 extra-scolaire concernant les classes de lyc\u00e9es offrant aux \u00e9l\u00e8ves la possibilit\u00e9 de faire un lien direct avec les enseignements en classe et la r\u00e9alit\u00e9 du monde du travail. Gr\u00e2ce \u00e0 un enseignement pluridisciplinaire, nos \u00e9tudiants d\u00e9couvrent et s\u2019ouvrent au monde ext\u00e9rieur, une marque de r\u00e9ussite pour le futur.&#8221;<\/span><\/p>\n\n\t\t<\/div>\n\t<\/div>\n<\/div><\/div><\/div><\/div><div class=\"wpb_column vc_column_container vc_col-sm-4 mo-column-69d836749f93e\"><div class=\"vc_column-inner\"><div class=\"wpb_wrapper \"  ><div class=\"wpb_wrapper-inner\">\n\t<div  class=\"wpb_single_image wpb_content_element vc_align_left\">\n\t\t\n\t\t<figure class=\"wpb_wrapper vc_figure\">\n\t\t\t<div class=\"vc_single_image-wrapper   vc_box_border_grey\"><img loading=\"lazy\" decoding=\"async\" width=\"300\" height=\"225\" src=\"https:\/\/www.isc.edu.eg\/concordia\/wp-content\/uploads\/2023\/06\/907D7507-668B-473B-B0E0-86F00680D83B-1-300x225.jpg\" class=\"vc_single_image-img attachment-medium\" alt=\"\" title=\"907D7507-668B-473B-B0E0-86F00680D83B (1)\" srcset=\"https:\/\/www.isc.edu.eg\/concordia\/wp-content\/uploads\/2023\/06\/907D7507-668B-473B-B0E0-86F00680D83B-1-300x225.jpg 300w, https:\/\/www.isc.edu.eg\/concordia\/wp-content\/uploads\/2023\/06\/907D7507-668B-473B-B0E0-86F00680D83B-1-768x576.jpg 768w, https:\/\/www.isc.edu.eg\/concordia\/wp-content\/uploads\/2023\/06\/907D7507-668B-473B-B0E0-86F00680D83B-1.jpg 960w\" sizes=\"auto, (max-width: 300px) 100vw, 300px\" \/><\/div>\n\t\t<\/figure>\n\t<\/div>\n<\/div><\/div><\/div><\/div><\/div><\/div>\n<\/section>","protected":false},"excerpt":{"rendered":"Concordia, une \u00e9cole innovante C\u2019est par un projet novateur que nos \u00e9l\u00e8ves se sensibilisent au monde professionnel. Startlab est une activit\u00e9 extra-scolaire concernant les classes de lyc\u00e9es offrant aux \u00e9l\u00e8ves la possibilit\u00e9 de faire un lien direct avec les enseignements en classe et la r\u00e9alit\u00e9 du monde du travail. Gr\u00e2ce \u00e0 un enseignement pluridisciplinaire, nos [...]","protected":false},"author":1,"featured_media":0,"parent":0,"menu_order":0,"comment_status":"closed","ping_status":"closed","template":"","meta":{"ngg_post_thumbnail":0,"_mc_calendar":[],"footnotes":""},"class_list":["post-1998","page","type-page","status-publish","hentry"],"_links":{"self":[{"href":"https:\/\/www.isc.edu.eg\/concordia\/wp-json\/wp\/v2\/pages\/1998","targetHints":{"allow":["GET"]}}],"collection":[{"href":"https:\/\/www.isc.edu.eg\/concordia\/wp-json\/wp\/v2\/pages"}],"about":[{"href":"https:\/\/www.isc.edu.eg\/concordia\/wp-json\/wp\/v2\/types\/page"}],"author":[{"embeddable":true,"href":"https:\/\/www.isc.edu.eg\/concordia\/wp-json\/wp\/v2\/users\/1"}],"replies":[{"embeddable":true,"href":"https:\/\/www.isc.edu.eg\/concordia\/wp-json\/wp\/v2\/comments?post=1998"}],"version-history":[{"count":6,"href":"https:\/\/www.isc.edu.eg\/concordia\/wp-json\/wp\/v2\/pages\/1998\/revisions"}],"predecessor-version":[{"id":2007,"href":"https:\/\/www.isc.edu.eg\/concordia\/wp-json\/wp\/v2\/pages\/1998\/revisions\/2007"}],"wp:attachment":[{"href":"https:\/\/www.isc.edu.eg\/concordia\/wp-json\/wp\/v2\/media?parent=1998"}],"curies":[{"name":"wp","href":"https:\/\/api.w.org\/{rel}","templated":true}]}}